{"id":2421,"date":"2025-03-08T05:49:09","date_gmt":"2025-03-08T13:49:09","guid":{"rendered":"https:\/\/www.aspenglobalinnovators.org\/?page_id=2421"},"modified":"2025-03-08T05:49:09","modified_gmt":"2025-03-08T13:49:09","slug":"art-tells-womens-stories","status":"publish","type":"page","link":"https:\/\/www.aspenglobalinnovators.org\/en\/art-tells-womens-stories\/","title":{"rendered":"Art Tells Women&#8217;s Stories"},"content":{"rendered":"\n<h1>\n\t\tART TELLS WOMEN&#8217;S STORIES\n\t<\/h1>\n\t<h4 data-start=\"82\" data-end=\"318\"><em><strong>Every brushstroke, every color, every detail tells a story.<\/strong><\/em><\/h4>\n\n\tThis International Women&#8217;s Day, we are celebrating the journeys of women leaders in the AGI network through <strong data-start=\"250\" data-end=\"257\">art<\/strong>-a reflection of their experiences, resilience, and vision for their future.\nThrough vibrant paintings, intricate designs, and innovative creations, these women share their personal stories-moments of challenge, transformation, and triumph.\u00a0 Each piece is a window into their world, a testament to the paths they have walked and the futures they are shaping.\nJoin us as we honor their stories-told not just through voices, but through the language of art.\n\t\t\t\t<a href=\"#\"  target=\"_self\" itemprop=\"url\">\n\t\t\t\t<img decoding=\"async\" data-src=\"https:\/\/www.aspenglobalinnovators.org\/wp-content\/uploads\/2025\/03\/Mojis-art.jpeg\" alt=\"Artist: Taslim Adegbola Kazeem\nPhoto is taken by Mojirayo Ogunlana\" itemprop=\"image\" height=\"1152\" width=\"864\" title=\"Moji's art\" onerror=\"this.style.display='none'\" src=\"data:image\/svg+xml;base64,PHN2ZyB3aWR0aD0iMSIgaGVpZ2h0PSIxIiB4bWxucz0iaHR0cDovL3d3dy53My5vcmcvMjAwMC9zdmciPjwvc3ZnPg==\" class=\"lazyload\" style=\"--smush-placeholder-width: 864px; --smush-placeholder-aspect-ratio: 864\/1152;\" \/>\n\t\t\t\t<\/a>\n<h3><a href=\"#\" target=\"_self\">Beauty<\/a><\/h3><p><strong>Mojirayo Ogunlana &#8211; 2023 -2024 Impact West Africa Fellow<\/strong><\/p>\n<blockquote><p>This work of art has been sitting on my shelf since August 2024. It was made for me by my 22 year old nephew, Taslim Adegbola Kazeem, an upcoming artist, resident in Lagos, Nigeria.<\/p>\n<p>The work is a testament to the beauty of the African woman. Whenever I look at it, I see myself and several other African women who are not afraid to show off their braids and their natural beauty.<\/p><\/blockquote>\n<p>*Credit: @amate_ur106<\/p>\n\t\t\t\t<a href=\"#\"  target=\"_self\" itemprop=\"url\">\n\t\t\t\t<img decoding=\"async\" data-src=\"https:\/\/www.aspenglobalinnovators.org\/wp-content\/uploads\/2025\/03\/Alchemists-Edith-Jimenez-Paraguay-Grand-Prize-of-the-XIII-Sao-Paulo-Biennial-1975_nomination-by-Dr-Julia-Corvalan-AGI.png\" alt=\"Edith Jim\u00e9nez | Alchemists\nEdith Jim\u00e9nez, Retrospectiva - Obra Gr\u00e1fica. Asunci\u00f3n, 2001. Page 75.   ISBN 99925-3-148-7\nArtist: Paraguay, Grand Prize of the XIII S\u00e3o Paulo Biennial, 1975\" itemprop=\"image\" height=\"3506\" width=\"2481\" title=\"Alchemists, Edith Jime\u0301nez, Paraguay, Grand Prize of the XIII Sa\u0303o Paulo Biennial, 1975_nomination by Dr Julia Corvalan, AGI\" onerror=\"this.style.display='none'\" src=\"data:image\/svg+xml;base64,PHN2ZyB3aWR0aD0iMSIgaGVpZ2h0PSIxIiB4bWxucz0iaHR0cDovL3d3dy53My5vcmcvMjAwMC9zdmciPjwvc3ZnPg==\" class=\"lazyload\" style=\"--smush-placeholder-width: 2481px; --smush-placeholder-aspect-ratio: 2481\/3506;\" \/>\n\t\t\t\t<\/a>\n<h3><a href=\"#\" target=\"_self\">Unabated Joy in Technicolor<\/a><\/h3><p><strong>Dr. Julia Corvalan &#8211; 2016 New Voices Fellow<\/strong><\/p>\n<blockquote><p>This vibrant piece of art transports me to a bygone period of my life, evoking a profound sense of nostalgia. It embodies a somatic memory of my childhood, where I was surrounded by strong, joyful women who deeply admired Jim\u00e9nez-my mother being the most ardent admirer among them. The artwork&#8217;s kaleidoscope of colors and dynamic composition not only reflect the exuberance of those formative years but also capture the essence of the women who shaped my early life. Each time I gaze upon it, I am reminded of the unbridled joy and resilience that defined their spirits, a quality that Jim\u00e9nez&#8217;s work so masterfully embodies<\/p>\n<p>Artist: Edith Jim\u00e9nez (Paraguay, 1918-2004), Grand Prize of the XIII S\u00e3o Paulo Biennial, 1975, the first Paraguayan artist to ever win said Biennial, and to date, one of only 2 female Paraguayan artists to have been recognized with this prestigious award.<\/p><\/blockquote>\n<p><em>*Edith Jim\u00e9nez, Retrospectiva &#8211; Obra Gr\u00e1fica. Asunci\u00f3n, 2001. Page 75.\u00a0 \u00a0ISBN 99925-3-148-7<\/em><\/p>\n\t\t\t\t<a href=\"#\"  target=\"_self\" itemprop=\"url\">\n\t\t\t\t<img decoding=\"async\" data-src=\"https:\/\/www.aspenglobalinnovators.org\/wp-content\/uploads\/2025\/03\/ElsaMaries-Photo-scaled.jpg\" alt=\"Photo is taken by ElsaMarie D'Silva in Slovenia\nSlavko Oblak is the artist of the Cyclamen sculpture by the Lake in Bled, Slovenia\" itemprop=\"image\" height=\"2560\" width=\"1920\" title=\"ElsaMarie's Photo\" onerror=\"this.style.display='none'\" src=\"data:image\/svg+xml;base64,PHN2ZyB3aWR0aD0iMSIgaGVpZ2h0PSIxIiB4bWxucz0iaHR0cDovL3d3dy53My5vcmcvMjAwMC9zdmciPjwvc3ZnPg==\" class=\"lazyload\" style=\"--smush-placeholder-width: 1920px; --smush-placeholder-aspect-ratio: 1920\/2560;\" \/>\n\t\t\t\t<\/a>\n<h3><a href=\"#\" target=\"_self\">Serenity<\/a><\/h3><p><strong>ElsaMarie D&#8217;Silva &#8211; 2015 New Voices Fellow<\/strong><\/p>\n<blockquote><p>Serenity<\/p><\/blockquote>\n<p><em>*Photo is taken by ElsaMarie at Lake Bled, Slovenia. Slavko Oblak<\/em><em>\u00a0is the artist of the Cyclamen sculpture by the Lake in Bled, Slovenia<\/em><\/p>\n\t\t\t\t<a href=\"#\"  target=\"_self\" itemprop=\"url\">\n\t\t\t\t<img decoding=\"async\" data-src=\"https:\/\/www.aspenglobalinnovators.org\/wp-content\/uploads\/2025\/03\/Hollys-Art.png\" alt=\"Graffiti from Cairo 2013, part of the Egyptian revolution, by Mira Shihadeh \nPhotographed by AP photographer Hassan Ammar\" itemprop=\"image\" height=\"2351\" width=\"3734\" title=\"Holly's Art\" onerror=\"this.style.display='none'\" src=\"data:image\/svg+xml;base64,PHN2ZyB3aWR0aD0iMSIgaGVpZ2h0PSIxIiB4bWxucz0iaHR0cDovL3d3dy53My5vcmcvMjAwMC9zdmciPjwvc3ZnPg==\" class=\"lazyload\" style=\"--smush-placeholder-width: 3734px; --smush-placeholder-aspect-ratio: 3734\/2351;\" \/>\n\t\t\t\t<\/a>\n<h3><a href=\"#\" target=\"_self\">Resolute<\/a><\/h3><p><strong>Holly Kearl &#8211; Community Manager<\/strong><\/p>\n<blockquote><p>Resolute in one&#8217;s efforts to secure women&#8217;s rights and safety even in the face of barriers like harassment and patriarchy.<\/p><\/blockquote>\n<p><em>*Graffiti from Cairo 2013, part of the Egyptian revolution, by Mira Shihadeh\u00a0<\/em><\/p>\n<p><em>*Photographed by AP photographer Hassan Ammar<\/em><\/p>\n\t\t\t\t<a href=\"#\"  target=\"_self\" itemprop=\"url\">\n\t\t\t\t<img decoding=\"async\" data-src=\"https:\/\/www.aspenglobalinnovators.org\/wp-content\/uploads\/2025\/03\/Peggys-Art-piece-rotated.jpg\" alt=\"The photo is taken by Peggy Clark at the Bami Hamida organization, which is a weaving project center and gallery in Jordan.\" itemprop=\"image\" height=\"640\" width=\"480\" title=\"Peggy's Art piece\" onerror=\"this.style.display='none'\" src=\"data:image\/svg+xml;base64,PHN2ZyB3aWR0aD0iMSIgaGVpZ2h0PSIxIiB4bWxucz0iaHR0cDovL3d3dy53My5vcmcvMjAwMC9zdmciPjwvc3ZnPg==\" class=\"lazyload\" style=\"--smush-placeholder-width: 480px; --smush-placeholder-aspect-ratio: 480\/640;\" \/>\n\t\t\t\t<\/a>\n<h3><a href=\"#\" target=\"_self\">Power of Women<\/a><\/h3><p><strong>Peggy Clark &#8211; Interim Executive Director and Founder<\/strong><\/p>\n<blockquote><p>This image is of a magnificent rug made by the Bani Hamida Rug Weaving Cooperative in Jordan. It inspires me as it reminds me of an important time in my life which strengthened my commitment and belief in the power of women. In 1986 I was a young, earnest 26 year old woman working as the first Director of Small Scale Enterprise and Credit at Save the Children. My job was to work with the many nascent income generating activities across the 43 member countries of Save the Children. I was sent to Jordan where a small group of Bedouin women were reviving the ancient technique of manual rug weaving with looms made of sticks and stones. I worked closely with the group to try bold new color palettes, and developed a two-generation business plan with the older mothers and grandmothers as weavers, and their daughters, who were literate and able to travel outside the rural villages, as marketers and financial managers. Thirty years after my first visit I was able to meet with them again -and I found a vibrant 3,500 women strong, multi- million dollar cooperative which had put generations of girls through university and was globally recognized. My heart swells with joy when I think of my small part in this glorious story of the power of women! And, I still have the blue rug in my living room where I brings me joy everyday.<\/p><\/blockquote>\n<p><em>*The photo is taken by Peggy Clark at the Bami Hamida organization, which is a weaving project center and gallery in Jordan.<\/em><\/p>\n\t\t\t\t<a href=\"#\"  target=\"_self\" itemprop=\"url\">\n\t\t\t\t<img decoding=\"async\" data-src=\"https:\/\/www.aspenglobalinnovators.org\/wp-content\/uploads\/bb-plugin\/cache\/Sylvias-Art-piece-portrait-be14f7519acc28fb1e29ccd84ca1b01a-.jpeg\" alt=\"The art is done by a young artist from Sierra Leone name Morrison\" itemprop=\"image\" height=\"800\" width=\"567\" title=\"Sylvia's Art piece\" onerror=\"this.style.display='none'\" src=\"data:image\/svg+xml;base64,PHN2ZyB3aWR0aD0iMSIgaGVpZ2h0PSIxIiB4bWxucz0iaHR0cDovL3d3dy53My5vcmcvMjAwMC9zdmciPjwvc3ZnPg==\" class=\"lazyload\" style=\"--smush-placeholder-width: 567px; --smush-placeholder-aspect-ratio: 567\/800;\" \/>\n\t\t\t\t<\/a>\n<h3><a href=\"#\" target=\"_self\">Strength<\/a><\/h3><p><strong>Sylvia Kalley &#8211; Associate Director<\/strong><\/p>\n<blockquote><p>This art was the first art piece that I commissioned by a young artist from Sierra Leone name Morrison. It shows the strength of a woman, shining bright in spite of all that life throws her way. A piece that is done only for me, no one in the world will ever have this piece.<\/p><\/blockquote>\n<p><em>*Credit: @morisonarts<\/em><\/p>\n<p><em>* Photo is taken by Slyvia Kalley<\/em><\/p>\n\t\t\t\t<a href=\"#\"  target=\"_self\" itemprop=\"url\">\n\t\t\t\t<img decoding=\"async\" data-src=\"https:\/\/www.aspenglobalinnovators.org\/wp-content\/uploads\/2025\/03\/Tsions-Art.png\" alt=\"Mark Bradford Medusa 2016 Acrylic, paint, paper, rope, and caulk, dimensions variable image courtesy the artist and Hauser and Wirth photo:Joshua White https:\/\/www.theartsection.com\/mark-bradford\" itemprop=\"image\" height=\"3304\" width=\"2242\" title=\"Tsion's Art\" onerror=\"this.style.display='none'\" src=\"data:image\/svg+xml;base64,PHN2ZyB3aWR0aD0iMSIgaGVpZ2h0PSIxIiB4bWxucz0iaHR0cDovL3d3dy53My5vcmcvMjAwMC9zdmciPjwvc3ZnPg==\" class=\"lazyload\" style=\"--smush-placeholder-width: 2242px; --smush-placeholder-aspect-ratio: 2242\/3304;\" \/>\n\t\t\t\t<\/a>\n<h3><a href=\"#\" target=\"_self\">Narratives of Power<\/a><\/h3><p><strong>Tsion Ghedamu &#8211; Deputy Director<\/strong><\/p>\n<blockquote><p>Mark Bradford&#8217;s <i>Medusa<\/i> challenges me as a leader to rethink narratives of power and resilience, reminding me that transformation can emerge from adversity. It reinforces my responsibility to create spaces where marginalized voices are heard and redefined on their own terms, rather than through the lens of society. <\/p><\/blockquote>\n<p>* <em>Mark Bradford | Medusa | 2016 Acrylic, paint, paper, rope, and caulk, dimensions variable image courtesy the artist and Hauser and Wirth <\/em><\/p>\n<p><em>Photo: Joshua White <\/em><\/p>\n<p><em>Taken from: https:\/\/www.theartsection.com\/mark-bradford<\/em><\/p>\n\n","protected":false},"excerpt":{"rendered":"<p>ART TELLS WOMEN&#8217;S STORIES Every brushstroke, every color, every detail tells a story. This International Women&#8217;s Day, we are celebrating the journeys of women leaders in the AGI network through art-a reflection of their experiences, resilience, and vision for their future. Through vibrant paintings, intricate designs, and innovative creations, these women share their personal stories-moments&hellip;<\/p>\n","protected":false},"author":33,"featured_media":0,"parent":0,"menu_order":0,"comment_status":"closed","ping_status":"closed","template":"","meta":{"_acf_changed":false,"footnotes":""},"class_list":["post-2421","page","type-page","status-publish","hentry"],"acf":[],"_links":{"self":[{"href":"https:\/\/www.aspenglobalinnovators.org\/en\/wp-json\/wp\/v2\/pages\/2421","targetHints":{"allow":["GET"]}}],"collection":[{"href":"https:\/\/www.aspenglobalinnovators.org\/en\/wp-json\/wp\/v2\/pages"}],"about":[{"href":"https:\/\/www.aspenglobalinnovators.org\/en\/wp-json\/wp\/v2\/types\/page"}],"author":[{"embeddable":true,"href":"https:\/\/www.aspenglobalinnovators.org\/en\/wp-json\/wp\/v2\/users\/33"}],"replies":[{"embeddable":true,"href":"https:\/\/www.aspenglobalinnovators.org\/en\/wp-json\/wp\/v2\/comments?post=2421"}],"version-history":[{"count":5,"href":"https:\/\/www.aspenglobalinnovators.org\/en\/wp-json\/wp\/v2\/pages\/2421\/revisions"}],"predecessor-version":[{"id":2526,"href":"https:\/\/www.aspenglobalinnovators.org\/en\/wp-json\/wp\/v2\/pages\/2421\/revisions\/2526"}],"wp:attachment":[{"href":"https:\/\/www.aspenglobalinnovators.org\/en\/wp-json\/wp\/v2\/media?parent=2421"}],"curies":[{"name":"wp","href":"https:\/\/api.w.org\/{rel}","templated":true}]}}