{"id":1039,"date":"2023-05-02T12:16:15","date_gmt":"2023-05-02T19:16:15","guid":{"rendered":"https:\/\/www.aspenglobalinnovators.org\/?page_id=1039"},"modified":"2025-10-24T12:24:48","modified_gmt":"2025-10-24T19:24:48","slug":"privacy-policy","status":"publish","type":"page","link":"https:\/\/www.aspenglobalinnovators.org\/fr\/privacy-policy\/","title":{"rendered":"Politique de confidentialit\u00e9"},"content":{"rendered":"<h1>Politique de confidentialit\u00e9<\/h1>\r\n<p>L'Aspen Global Innovators Group respecte les principes suivants <a href=\"https:\/\/www.aspeninstitute.org\/privacy\/\" target=\"_blank\" rel=\"noopener\">Politique de confidentialit\u00e9 de l'Institut Aspen<\/a>. Cette d\u00e9claration de confidentialit\u00e9 indique comment nous recueillons, utilisons et divulguons les informations vous concernant lorsque vous \u00eates engag\u00e9 sur les sites web, les applications et les autres propri\u00e9t\u00e9s num\u00e9riques de l'Institut.<\/p>","protected":false},"excerpt":{"rendered":"<p>Politique de confidentialit\u00e9 L'Aspen Global Innovators Group respecte la politique de confidentialit\u00e9 de l'Institut Aspen. Cette d\u00e9claration de confidentialit\u00e9 explique comment nous recueillons, utilisons et divulguons les informations vous concernant lorsque vous vous engagez sur les sites web, applications et autres propri\u00e9t\u00e9s num\u00e9riques de l'Institut.<\/p>","protected":false},"author":13,"featured_media":0,"parent":0,"menu_order":0,"comment_status":"closed","ping_status":"closed","template":"","meta":{"_acf_changed":false,"footnotes":""},"class_list":["post-1039","page","type-page","status-publish","hentry"],"acf":[],"_links":{"self":[{"href":"https:\/\/www.aspenglobalinnovators.org\/fr\/wp-json\/wp\/v2\/pages\/1039","targetHints":{"allow":["GET"]}}],"collection":[{"href":"https:\/\/www.aspenglobalinnovators.org\/fr\/wp-json\/wp\/v2\/pages"}],"about":[{"href":"https:\/\/www.aspenglobalinnovators.org\/fr\/wp-json\/wp\/v2\/types\/page"}],"author":[{"embeddable":true,"href":"https:\/\/www.aspenglobalinnovators.org\/fr\/wp-json\/wp\/v2\/users\/13"}],"replies":[{"embeddable":true,"href":"https:\/\/www.aspenglobalinnovators.org\/fr\/wp-json\/wp\/v2\/comments?post=1039"}],"version-history":[{"count":1,"href":"https:\/\/www.aspenglobalinnovators.org\/fr\/wp-json\/wp\/v2\/pages\/1039\/revisions"}],"predecessor-version":[{"id":2722,"href":"https:\/\/www.aspenglobalinnovators.org\/fr\/wp-json\/wp\/v2\/pages\/1039\/revisions\/2722"}],"wp:attachment":[{"href":"https:\/\/www.aspenglobalinnovators.org\/fr\/wp-json\/wp\/v2\/media?parent=1039"}],"curies":[{"name":"wp","href":"https:\/\/api.w.org\/{rel}","templated":true}]}}