{"id":1953,"date":"2024-08-26T14:50:46","date_gmt":"2024-08-26T21:50:46","guid":{"rendered":"https:\/\/www.aspenglobalinnovators.org\/?page_id=1953"},"modified":"2025-10-13T07:11:08","modified_gmt":"2025-10-13T14:11:08","slug":"advanced-advocacy-program","status":"publish","type":"page","link":"https:\/\/www.aspenglobalinnovators.org\/fr\/programs\/advanced-advocacy-program\/","title":{"rendered":"Programme avanc\u00e9 de plaidoyer"},"content":{"rendered":"<h1>\n\t\t\tProgramme avanc\u00e9 de plaidoyer\t<\/h1>\n<h2>\n\t\t\tInvestir davantage dans notre r\u00e9seau d'anciens \u00e9l\u00e8ves\t<\/h2>\n\t<p><strong>Le Fonds catalytique de l'Advanced Advocacy Program (AAP)<\/strong> repr\u00e9sente une extension innovante des programmes phares de l'AGI, strat\u00e9giquement con\u00e7ue pour r\u00e9investir dans les leaders \u00e9mergents qui ont achev\u00e9 avec succ\u00e8s leur formation de boursier avec l'Aspen Global Innovators Group. Le programme vise \u00e0 former la prochaine g\u00e9n\u00e9ration de leaders en mati\u00e8re de sant\u00e9 mondiale et de d\u00e9veloppement, en leur donnant les moyens de relever les d\u00e9fis mondiaux les plus importants et d'impulser des changements transformateurs. La bourse vise non seulement \u00e0 tirer parti des r\u00e9ussites d'anciens \u00e9l\u00e8ves s\u00e9lectionn\u00e9s (senior fellows), mais aussi \u00e0 leur apporter un soutien et des ressources suppl\u00e9mentaires pour leur permettre d'atteindre des objectifs sp\u00e9cifiques en mati\u00e8re de plaidoyer.<\/p>\n<p>Chaque ann\u00e9e, le Fonds catalytique de l'AAP soutient cinq boursiers seniors en leur attribuant une bourse pour faire avancer leurs initiatives de plaidoyer strat\u00e9gique, en particulier celles ax\u00e9es sur les femmes et les filles, ce qui leur permet de mettre en \u0153uvre des solutions percutantes qui entra\u00eenent des changements positifs dans leurs communaut\u00e9s. Outre le soutien financier, les boursiers seniors b\u00e9n\u00e9ficient d'un accompagnement personnalis\u00e9, d'un soutien en mati\u00e8re de communication et d'un mentorat pour amplifier leur message de plaidoyer.<\/p>\n\t\t<h2>\n\t\t\tAper\u00e7u de la bourse de 9 mois\n\t\t<\/h2>\n\t\t\t\t\t\t\t\t\t\t<h4 tabindex=\"0\">Lancement du programme et \u00e9laboration du plan de plaidoyer<\/h4>\n\t\t\t\t\t<p>Le programme commence par une r\u00e9union de lancement au cours de laquelle les boursiers d\u00e9couvrent la structure du programme, l'outil du plan de d\u00e9veloppement du plaidoyer et les directives budg\u00e9taires. Au cours des deux premiers mois, les boursiers travailleront en \u00e9troite collaboration avec leurs mentors attitr\u00e9s et un expert en plaidoyer afin d'affiner et de d\u00e9velopper leurs plans de plaidoyer, jetant ainsi des bases solides pour leur parcours de boursier.<\/p>\n\t\t\t\t\t\t\t\t\t\t<h4 tabindex=\"0\">Financement catalytique<\/h4>\n\t\t\t\t\t<p>Une fois leur plan et leur budget de plaidoyer finalis\u00e9s, les boursiers recevront un financement catalytique d'un montant de $20 000, destin\u00e9 \u00e0 faire avancer leurs efforts de plaidoyer strat\u00e9gique. Ce financement doit \u00eatre directement utilis\u00e9 pour aider chaque boursier \u00e0 atteindre ses objectifs de plaidoyer sp\u00e9cifiques et \u00e0 avoir un impact significatif.<\/p>\n\t\t\t\t\t\t\t\t\t\t<h4 tabindex=\"0\">Soutien au mentorat professionnel<\/h4>\n\t\t\t\t\t<p>Le mentorat et l'accompagnement des boursiers seront des aspects essentiels de la bourse. Chaque boursier sera jumel\u00e9 \u00e0 un mentor exp\u00e9riment\u00e9 qui le soutiendra dans ses activit\u00e9s de plaidoyer et son d\u00e9veloppement professionnel. Ces mentors fourniront des conseils et un soutien personnalis\u00e9s tout au long du parcours de la bourse. Les mentors et les boursiers participeront \u00e0 des r\u00e9unions r\u00e9guli\u00e8res pour \u00e9valuer les progr\u00e8s, fixer des objectifs et discuter des d\u00e9fis et des opportunit\u00e9s.<\/p>\n\t\t\t\t\t\t\t\t\t\t<h4 tabindex=\"0\">Pr\u00e9sentation finale de l'impact<\/h4>\n\t\t\t\t\t<p>\u00c0 la fin du programme de neuf mois, les boursiers pr\u00e9senteront les r\u00e9sultats et l'impact de leurs efforts de plaidoyer lors d'une r\u00e9union de cl\u00f4ture. Cette pr\u00e9sentation finale est l'occasion de partager les r\u00e9alisations, de r\u00e9fl\u00e9chir aux d\u00e9fis et de pr\u00e9senter les progr\u00e8s accomplis dans la r\u00e9alisation de leurs objectifs de plaidoyer.<\/p>\n\t\t<h2>\n\t\t\tImpact de la bourse\n\t\t<\/h2>\n\t\t<h2>\n\t\t\tCrit\u00e8res de s\u00e9lection\n\t\t<\/h2>\n\t<p>Les boursiers de l'AAP sont des personnes qui\u00a0<\/p>\n<ul>\n<li aria-level=\"1\">Avoir un objectif de plaidoyer cibl\u00e9 et clair\u00a0\u00a0<\/li>\n<li aria-level=\"1\">Avoir une vision claire de la mani\u00e8re dont leurs initiatives permettront d'obtenir des changements transformateurs et des r\u00e9sultats spectaculaires.\u00a0<\/li>\n<li aria-level=\"1\">Disposer d'une proposition initiale sur la mani\u00e8re dont la subvention de $20.000 sera utilis\u00e9e dans les 9 mois.\u00a0<\/li>\n<li aria-level=\"1\">disposer d'une proposition bien d\u00e9finie d\u00e9montrant comment le programme am\u00e9liorera de mani\u00e8re significative leur capacit\u00e9 \u00e0 mettre en \u0153uvre leurs plans<\/li>\n<li aria-level=\"1\">Poss\u00e9der une exp\u00e9rience av\u00e9r\u00e9e dans la mise en \u0153uvre d'id\u00e9es audacieuses et novatrices qui ont un impact positif sur les communaut\u00e9s qu'ils servent.<\/li>\n<\/ul>\n\t<h3><em>*Nous n'acceptons pas de candidatures pour le moment.<\/em><\/h3>\n\t\t<h2>\n\t\t\tRencontrez les boursiers de l'AAP 2025\n\t\t<\/h2>\n\t<p><em>Pour toute question relative au programme d'advocacy avanc\u00e9, veuillez nous contacter \u00e0 l'adresse suivante <a href=\"mailto:globalinnovators@aspeninstitute.org\">globalinnovators@aspeninstitute.org<\/a><\/em><\/p>\n\t\t\t\t\t\t\t<a href=\"https:\/\/www.aspenglobalinnovators.org\/fr\/programs\/aspen-ideas-health\/\" target=\"_self\">\n\t\t\t\t\t<\/a>\n\t\t\t\t\t\t\t\t\t<a href=\"https:\/\/www.aspenglobalinnovators.org\/fr\/programs\/amp-health\/\" target=\"_self\">\n\t\t\t\t\t<\/a>\n\t\t\t\t\t\t\t\t\t<a href=\"https:\/\/www.aspenglobalinnovators.org\/fr\/programs\/communities-first-global-collaborative\/\" target=\"_self\">\n\t\t\t\t\t<\/a>\n\t\t\t\t\t\t\t\t\t<a href=\"https:\/\/www.aspenglobalinnovators.org\/fr\/programs\/healthy-communities-fellowship\/\" target=\"_self\">\n\t\t\t\t\t<\/a>","protected":false},"excerpt":{"rendered":"<p>Advanced Advocacy Program Approfondir les investissements dans notre r\u00e9seau d'anciens Le Fonds catalytique de l'Advanced Advocacy Program (AAP) repr\u00e9sente une extension innovante des programmes phares de l'AGI, strat\u00e9giquement con\u00e7ue pour r\u00e9investir dans les leaders \u00e9mergents qui ont achev\u00e9 avec succ\u00e8s leur formation de boursier avec l'Aspen Global Innovators Group. Le programme est d\u00e9di\u00e9 \u00e0 la formation de la prochaine g\u00e9n\u00e9ration de...<\/p>","protected":false},"author":33,"featured_media":2010,"parent":53,"menu_order":0,"comment_status":"closed","ping_status":"closed","template":"","meta":{"_acf_changed":false,"footnotes":""},"class_list":["post-1953","page","type-page","status-publish","has-post-thumbnail","hentry"],"acf":[],"_links":{"self":[{"href":"https:\/\/www.aspenglobalinnovators.org\/fr\/wp-json\/wp\/v2\/pages\/1953","targetHints":{"allow":["GET"]}}],"collection":[{"href":"https:\/\/www.aspenglobalinnovators.org\/fr\/wp-json\/wp\/v2\/pages"}],"about":[{"href":"https:\/\/www.aspenglobalinnovators.org\/fr\/wp-json\/wp\/v2\/types\/page"}],"author":[{"embeddable":true,"href":"https:\/\/www.aspenglobalinnovators.org\/fr\/wp-json\/wp\/v2\/users\/33"}],"replies":[{"embeddable":true,"href":"https:\/\/www.aspenglobalinnovators.org\/fr\/wp-json\/wp\/v2\/comments?post=1953"}],"version-history":[{"count":32,"href":"https:\/\/www.aspenglobalinnovators.org\/fr\/wp-json\/wp\/v2\/pages\/1953\/revisions"}],"predecessor-version":[{"id":2998,"href":"https:\/\/www.aspenglobalinnovators.org\/fr\/wp-json\/wp\/v2\/pages\/1953\/revisions\/2998"}],"up":[{"embeddable":true,"href":"https:\/\/www.aspenglobalinnovators.org\/fr\/wp-json\/wp\/v2\/pages\/53"}],"wp:featuredmedia":[{"embeddable":true,"href":"https:\/\/www.aspenglobalinnovators.org\/fr\/wp-json\/wp\/v2\/media\/2010"}],"wp:attachment":[{"href":"https:\/\/www.aspenglobalinnovators.org\/fr\/wp-json\/wp\/v2\/media?parent=1953"}],"curies":[{"name":"wp","href":"https:\/\/api.w.org\/{rel}","templated":true}]}}