{"id":2052,"date":"2024-09-17T20:08:53","date_gmt":"2024-09-18T03:08:53","guid":{"rendered":"https:\/\/www.aspenglobalinnovators.org\/?page_id=2052"},"modified":"2025-06-04T07:45:49","modified_gmt":"2025-06-04T14:45:49","slug":"aspen-maternal-survival","status":"publish","type":"page","link":"https:\/\/www.aspenglobalinnovators.org\/fr\/aspen-maternal-survival\/","title":{"rendered":"Initiative d'Aspen pour la survie maternelle"},"content":{"rendered":"<p><strong><i>\"Nous ne devrions pas avoir \u00e0 demander la permission de sauver nos vies.<\/i><\/strong>-Jennie Joseph, fondatrice de Commonsense Childbirth<\/p>\t\t\n\t\t\t<p><strong><i>\"Il existe un large consensus sur le fait que nous souffrons d'une pauvret\u00e9 de mise en \u0153uvre, et non d'id\u00e9es.\u00a0<\/i><\/strong>-Dave Chokshi, MD, ancien commissaire \u00e0 la sant\u00e9, NYC\u00a0<\/p>\t\t\n\t\t\t<p><strong><i>\"Les d\u00e9c\u00e8s maternels surviennent dans l'\u00e9tablissement, mais le travail commence dans la communaut\u00e9. La formule du succ\u00e8s consiste \u00e0 faire appel \u00e0 des travailleurs communautaires professionnalis\u00e9s qui sont reconnus par le syst\u00e8me, soutenus et approvisionn\u00e9s. Le probl\u00e8me n'est pas l'infrastructure, mais le fait de relier les travailleurs communautaires \u00e0 une politique durable.\"<\/i><\/strong><i>Yasmin Maddan, directrice et responsable de la collaboration philanthropique aux \u00c9tats-Unis, Co-Impact\u00a0<\/i><i>\u00a0<\/i><\/p>\t\t\n\t<p>L'Aspen Global Innovators Group (AGI) est particuli\u00e8rement bien plac\u00e9 pour collaborer avec des dirigeants d'organisations \u00e0 but non lucratif, des investisseurs \u00e0 impact social, des syst\u00e8mes m\u00e9dicaux, des entrepreneurs et des dirigeants du secteur public afin d'\u00e9tablir des partenariats et de coordonner la mise en \u0153uvre de solutions nouvelles et existantes qui r\u00e9duisent les taux de mortalit\u00e9 maternelle chez les femmes noires et facilitent le bien-\u00eatre de la m\u00e8re, du nouveau-n\u00e9 et de la famille. Nous avons de solides ant\u00e9c\u00e9dents dans l'\u00e9tablissement de liens entre les travaux novateurs men\u00e9s au niveau communautaire et les politiques et pratiques nationales et mondiales, et dans le soutien des trajectoires de leadership des dirigeants communautaires vers les forums de haut niveau et l'impact r\u00e9alis\u00e9.\u00a0\u00a0<\/p>\n<p>La gravit\u00e9 de la crise de la survie des m\u00e8res noires et les voix de nombre de nos boursiers demandant \u00e0 l'Innovators Group de les soutenir plus intens\u00e9ment sur cette question nous ont amen\u00e9s \u00e0 organiser une table ronde sur la survie des m\u00e8res noires en juillet 2024 \u00e0 Aspen Ideas Health pour \u00e9valuer la n\u00e9cessit\u00e9 de cette initiative avec un groupe diversifi\u00e9 de parties prenantes et pour commencer \u00e0 concevoir l'Aspen Black Maternal Survival Initiative.\u00a0<\/p>\n<p>&nbsp;<\/p>\n\t<p>Nous visons \u00e0 servir de plateforme de leadership et de plaidoyer coordonn\u00e9e et visible, ax\u00e9e sur les solutions. Nous visons un lancement en 2025 en ex\u00e9cutant les activit\u00e9s suivantes<\/p>\n<ul>\n<li aria-level=\"1\">Analyse du paysage des solutions et mod\u00e8les efficaces existants pour r\u00e9duire la survie des m\u00e8res noires<\/li>\n<li aria-level=\"1\">Soutenir les responsables communautaires de la survie maternelle pendant un an dans le cadre d'un programme de bourses intensif\u00a0<\/li>\n<li aria-level=\"1\">Cr\u00e9er des communaut\u00e9s de pratiques au niveau de l'\u00c9tat qui rassemblent les praticiens communautaires et les d\u00e9cideurs politiques au niveau de l'\u00c9tat afin de mettre en \u00e9vidence les pratiques efficaces, de cr\u00e9er un espace pour reproduire et \u00e9tendre les pratiques efficaces et d'\u00e9tablir des relations et des initiatives de collaboration.<\/li>\n<li aria-level=\"1\">Amplifier les voix et les solutions des chefs de file dans des forums de haut niveau aux niveaux national, r\u00e9gional et mondial<\/li>\n<li aria-level=\"1\">Relier les meilleures pratiques am\u00e9ricaines aux meilleures pratiques mondiales par l'interm\u00e9diaire du conseil consultatif de haut niveau Aspen Black Maternal Survival.<\/li>\n<li aria-level=\"1\">Mettre en relation les entrepreneurs communautaires avec des financements catalytiques\u00a0<\/li>\n<li aria-level=\"1\">Soutenir un plaidoyer efficace en faveur d'un changement de politique aupr\u00e8s de divers dirigeants<\/li>\n<li aria-level=\"1\">Attirer l'attention sur la crise de la mortalit\u00e9 maternelle dans divers forums de haut niveau<\/li>\n<li aria-level=\"1\">Cr\u00e9er des histoires de r\u00e9ussite efficaces en partenariat avec les m\u00e9dias<\/li>\n<li aria-level=\"1\">Plaidoyer pour un cong\u00e9 familial r\u00e9mun\u00e9r\u00e9<\/li>\n<li aria-level=\"1\">Soutenir et amplifier les solutions de quartier et les solutions collectives<\/li>\n<\/ul>\n<h2>\n\t\t\tPr\u00e9sentation des membres du conseil consultatif de haut niveau\t<\/h2>\n\t\t\t\t\t\t\t<a href=\"https:\/\/www.aspenideas.org\/attend\/health\" target=\"_blank\" rel=\"noopener\">\n\t\t\t\t\t\t\t\t\t\t\t\t<h3>Aspen Ideas Health<\/h3>\n\t\t\t\t\t<\/a>\n\t\t\t\t\t\t\t\t\t<a href=\"https:\/\/www.amphealth.org\/\" target=\"_blank\" rel=\"noopener\">\n\t\t\t\t\t\t\t\t\t\t\t\t<h3>AMP Health<\/h3>\n\t\t\t\t\t<\/a>\n\t\t\t\t\t\t\t\t\t<a href=\"https:\/\/aspencommunitiesfirst.org\/\" target=\"_blank\" rel=\"noopener\">\n\t\t\t\t\t\t\t\t\t\t\t\t<h3>La collaboration mondiale \"Les communaut\u00e9s d'abord\" (Communities First Global Collaborative)<\/h3>\n\t\t\t\t\t<\/a>\n\t\t\t\t\t\t\t\t\t<a href=\"https:\/\/www.aspenhc.org\/\" target=\"_blank\" rel=\"noopener\">\n\t\t\t\t\t\t\t\t\t\t\t\t<h3>Bourse Communaut\u00e9s en sant\u00e9<\/h3>\n\t\t\t\t\t<\/a>\n\t\t\t\t\t\t\t\t\t<a href=\"https:\/\/newvoicesfellows.aspeninstitute.org\/\" target=\"_blank\" rel=\"noopener\">\n\t\t\t\t\t\t\t\t\t\t\t\t<h3>Bourse New Voices<\/h3>\n\t\t\t\t\t<\/a>","protected":false},"excerpt":{"rendered":"<p>\"Nous ne devrions pas avoir \u00e0 demander la permission de sauver nos vies\" -Jennie Joseph, fondatrice de Commonsense Childbirth \"Il existe un consensus retentissant sur le fait que nous souffrons d'une pauvret\u00e9 de mise en \u0153uvre, et non d'id\u00e9es\" -Dave Chokshi, MD, ancien commissaire \u00e0 la sant\u00e9, NYC \"Les d\u00e9c\u00e8s maternels surviennent dans l'\u00e9tablissement, mais le travail commence au sein de la communaut\u00e9. Les d\u00e9c\u00e8s maternels surviennent dans les \u00e9tablissements, mais le travail commence dans la communaut\u00e9.<\/p>","protected":false},"author":33,"featured_media":2055,"parent":0,"menu_order":0,"comment_status":"closed","ping_status":"closed","template":"","meta":{"_acf_changed":false,"footnotes":""},"class_list":["post-2052","page","type-page","status-publish","has-post-thumbnail","hentry"],"acf":[],"_links":{"self":[{"href":"https:\/\/www.aspenglobalinnovators.org\/fr\/wp-json\/wp\/v2\/pages\/2052","targetHints":{"allow":["GET"]}}],"collection":[{"href":"https:\/\/www.aspenglobalinnovators.org\/fr\/wp-json\/wp\/v2\/pages"}],"about":[{"href":"https:\/\/www.aspenglobalinnovators.org\/fr\/wp-json\/wp\/v2\/types\/page"}],"author":[{"embeddable":true,"href":"https:\/\/www.aspenglobalinnovators.org\/fr\/wp-json\/wp\/v2\/users\/33"}],"replies":[{"embeddable":true,"href":"https:\/\/www.aspenglobalinnovators.org\/fr\/wp-json\/wp\/v2\/comments?post=2052"}],"version-history":[{"count":15,"href":"https:\/\/www.aspenglobalinnovators.org\/fr\/wp-json\/wp\/v2\/pages\/2052\/revisions"}],"predecessor-version":[{"id":2655,"href":"https:\/\/www.aspenglobalinnovators.org\/fr\/wp-json\/wp\/v2\/pages\/2052\/revisions\/2655"}],"wp:featuredmedia":[{"embeddable":true,"href":"https:\/\/www.aspenglobalinnovators.org\/fr\/wp-json\/wp\/v2\/media\/2055"}],"wp:attachment":[{"href":"https:\/\/www.aspenglobalinnovators.org\/fr\/wp-json\/wp\/v2\/media?parent=2052"}],"curies":[{"name":"wp","href":"https:\/\/api.w.org\/{rel}","templated":true}]}}