{"id":2421,"date":"2025-03-08T05:49:09","date_gmt":"2025-03-08T13:49:09","guid":{"rendered":"https:\/\/www.aspenglobalinnovators.org\/?page_id=2421"},"modified":"2025-03-08T05:49:09","modified_gmt":"2025-03-08T13:49:09","slug":"art-tells-womens-stories","status":"publish","type":"page","link":"https:\/\/www.aspenglobalinnovators.org\/fr\/art-tells-womens-stories\/","title":{"rendered":"L'art raconte l'histoire des femmes"},"content":{"rendered":"<h1>\n\t\tL'ART RACONTE L'HISTOIRE DES FEMMES\n\t<\/h1>\n\t<h4 data-start=\"82\" data-end=\"318\"><em><strong>Chaque coup de pinceau, chaque couleur, chaque d\u00e9tail raconte une histoire.<\/strong><\/em><\/h4>\n\n\t\u00c0 l'occasion de la Journ\u00e9e internationale de la femme, nous c\u00e9l\u00e9brons les parcours des femmes leaders du r\u00e9seau AGI par le biais de <strong data-start=\"250\" data-end=\"257\">l'art<\/strong>-une r\u00e9flexion sur leurs exp\u00e9riences, leur r\u00e9silience et leur vision de l'avenir.\n\u00c0 travers des peintures vibrantes, des dessins complexes et des cr\u00e9ations innovantes, ces femmes partagent leurs histoires personnelles - des moments de d\u00e9fi, de transformation et de triomphe.  Chaque pi\u00e8ce est une fen\u00eatre sur leur monde, un t\u00e9moignage des chemins qu'elles ont parcourus et de l'avenir qu'elles sont en train de fa\u00e7onner.\nRejoignez-nous pour honorer leurs histoires, racont\u00e9es non seulement par des voix, mais aussi par le langage de l'art.\n\t\t\t\t<a href=\"#\"  target=\"_self\" itemprop=\"url\">\n\t\t\t\t<img decoding=\"async\" data-src=\"https:\/\/www.aspenglobalinnovators.org\/wp-content\/uploads\/2025\/03\/Mojis-art.jpeg\" alt=\"Artist: Taslim Adegbola KazeemPhoto is taken by Mojirayo Ogunlana\" itemprop=\"image\" height=\"1152\" width=\"864\" title=\"L&#039;art de Moji\" onerror=\"this.style.display='none'\" src=\"data:image\/svg+xml;base64,PHN2ZyB3aWR0aD0iMSIgaGVpZ2h0PSIxIiB4bWxucz0iaHR0cDovL3d3dy53My5vcmcvMjAwMC9zdmciPjwvc3ZnPg==\" class=\"lazyload\" style=\"--smush-placeholder-width: 864px; --smush-placeholder-aspect-ratio: 864\/1152;\" \/>\n\t\t\t\t<\/a>\n<h3><a href=\"#\" target=\"_self\">Beaut\u00e9<\/a><\/h3><p><strong>Mojirayo Ogunlana - 2023 -2024 Boursier Impact Afrique de l'Ouest<\/strong><\/p>\n<blockquote><p>Cette \u0153uvre d'art se trouve sur mon \u00e9tag\u00e8re depuis ao\u00fbt 2024. Elle a \u00e9t\u00e9 r\u00e9alis\u00e9e pour moi par mon neveu de 22 ans, Taslim Adegbola Kazeem, un artiste en devenir r\u00e9sidant \u00e0 Lagos, au Nigeria.<\/p>\n<p>Cette \u0153uvre t\u00e9moigne de la beaut\u00e9 de la femme africaine. Chaque fois que je la regarde, je me vois, ainsi que plusieurs autres femmes africaines qui n'ont pas peur de montrer leurs tresses et leur beaut\u00e9 naturelle.<\/p><\/blockquote>\n<p>*Cr\u00e9dit : @amate_ur106<\/p>\n\t\t\t\t<a href=\"#\"  target=\"_self\" itemprop=\"url\">\n\t\t\t\t<img decoding=\"async\" data-src=\"https:\/\/www.aspenglobalinnovators.org\/wp-content\/uploads\/2025\/03\/Alchemists-Edith-Jimenez-Paraguay-Grand-Prize-of-the-XIII-Sao-Paulo-Biennial-1975_nomination-by-Dr-Julia-Corvalan-AGI.png\" alt=\"Edith Jim\u00e9nez | AlchemistsEdith Jim\u00e9nez, Retrospectiva - Obra Gr\u00e1fica. Asunci\u00f3n, 2001. Page 75.   ISBN 99925-3-148-7Artist: Paraguay, Grand Prize of the XIII S\u00e3o Paulo Biennial, 1975\" itemprop=\"image\" height=\"3506\" width=\"2481\" title=\"Alchimistes, Edith Jim\u00e9nez, Paraguay, Grand Prix de la XIIIe Biennale de S\u00e3o Paulo, 1975_nomination par Dr Julia Corvalan, AGI\" onerror=\"this.style.display='none'\" src=\"data:image\/svg+xml;base64,PHN2ZyB3aWR0aD0iMSIgaGVpZ2h0PSIxIiB4bWxucz0iaHR0cDovL3d3dy53My5vcmcvMjAwMC9zdmciPjwvc3ZnPg==\" class=\"lazyload\" style=\"--smush-placeholder-width: 2481px; --smush-placeholder-aspect-ratio: 2481\/3506;\" \/>\n\t\t\t\t<\/a>\n<h3><a href=\"#\" target=\"_self\">Une joie sans limite en Technicolor<\/a><\/h3><p><strong>Julia Corvalan - Boursi\u00e8re New Voices 2016<\/strong><\/p>\n<blockquote><p>Cette \u0153uvre d'art vibrante me transporte dans une p\u00e9riode r\u00e9volue de ma vie, \u00e9voquant un profond sentiment de nostalgie. Elle incarne un souvenir somatique de mon enfance, o\u00f9 j'\u00e9tais entour\u00e9e de femmes fortes et joyeuses qui admiraient profond\u00e9ment Jim\u00e9nez - ma m\u00e8re \u00e9tant la plus fervente admiratrice d'entre elles. Le kal\u00e9idoscope de couleurs et la composition dynamique de l'\u0153uvre refl\u00e8tent non seulement l'exub\u00e9rance de ces ann\u00e9es de formation, mais capturent \u00e9galement l'essence des femmes qui ont fa\u00e7onn\u00e9 ma jeune vie. Chaque fois que je la contemple, je me souviens de la joie d\u00e9brid\u00e9e et de la r\u00e9silience qui d\u00e9finissaient leur esprit, une qualit\u00e9 que l'\u0153uvre de Jim\u00e9nez incarne si magistralement<\/p>\n<p>L'artiste : Edith Jim\u00e9nez (Paraguay, 1918-2004), Grand Prix de la XIIIe Biennale de S\u00e3o Paulo, 1975, premi\u00e8re artiste paraguayenne \u00e0 remporter cette Biennale et, \u00e0 ce jour, l'une des deux seules femmes artistes paraguayennes \u00e0 avoir \u00e9t\u00e9 r\u00e9compens\u00e9es par ce prix prestigieux.<\/p><\/blockquote>\n<p><em>*Edith Jim\u00e9nez, Retrospectiva - Obra Gr\u00e1fica. Asunci\u00f3n, 2001. Page 75.   ISBN 99925-3-148-7<\/em><\/p>\n\t\t\t\t<a href=\"#\"  target=\"_self\" itemprop=\"url\">\n\t\t\t\t<img decoding=\"async\" data-src=\"https:\/\/www.aspenglobalinnovators.org\/wp-content\/uploads\/2025\/03\/ElsaMaries-Photo-scaled.jpg\" alt=\"Photo is taken by ElsaMarie D'Silva in SloveniaSlavko Oblak is the artist of the Cyclamen sculpture by the Lake in Bled, Slovenia\" itemprop=\"image\" height=\"2560\" width=\"1920\" title=\"Photo de ElsaMarie\" onerror=\"this.style.display='none'\" src=\"data:image\/svg+xml;base64,PHN2ZyB3aWR0aD0iMSIgaGVpZ2h0PSIxIiB4bWxucz0iaHR0cDovL3d3dy53My5vcmcvMjAwMC9zdmciPjwvc3ZnPg==\" class=\"lazyload\" style=\"--smush-placeholder-width: 1920px; --smush-placeholder-aspect-ratio: 1920\/2560;\" \/>\n\t\t\t\t<\/a>\n<h3><a href=\"#\" target=\"_self\">S\u00e9r\u00e9nit\u00e9<\/a><\/h3><p><strong>ElsaMarie D'Silva - Boursi\u00e8re New Voices 2015<\/strong><\/p>\n<blockquote><p>S\u00e9r\u00e9nit\u00e9<\/p><\/blockquote>\n<p><em>*La photo a \u00e9t\u00e9 prise par ElsaMarie au lac de Bled, en Slov\u00e9nie. Slavko Oblak<\/em><em>\u00a0est l'artiste de la sculpture du cyclamen au bord du lac de Bled, en Slov\u00e9nie.<\/em><\/p>\n\t\t\t\t<a href=\"#\"  target=\"_self\" itemprop=\"url\">\n\t\t\t\t<img decoding=\"async\" data-src=\"https:\/\/www.aspenglobalinnovators.org\/wp-content\/uploads\/2025\/03\/Hollys-Art.png\" alt=\"Graffiti from Cairo 2013, part of the Egyptian revolution, by Mira Shihadeh Photographed by AP photographer Hassan Ammar\" itemprop=\"image\" height=\"2351\" width=\"3734\" title=\"L&#039;art de Holly\" onerror=\"this.style.display='none'\" src=\"data:image\/svg+xml;base64,PHN2ZyB3aWR0aD0iMSIgaGVpZ2h0PSIxIiB4bWxucz0iaHR0cDovL3d3dy53My5vcmcvMjAwMC9zdmciPjwvc3ZnPg==\" class=\"lazyload\" style=\"--smush-placeholder-width: 3734px; --smush-placeholder-aspect-ratio: 3734\/2351;\" \/>\n\t\t\t\t<\/a>\n<h3><a href=\"#\" target=\"_self\">R\u00e9solu<\/a><\/h3><p><strong>Holly Kearl - Gestionnaire de la communaut\u00e9<\/strong><\/p>\n<blockquote><p>R\u00e9solu dans ses efforts pour garantir les droits et la s\u00e9curit\u00e9 des femmes, m\u00eame face \u00e0 des obstacles tels que le harc\u00e8lement et le patriarcat.<\/p><\/blockquote>\n<p><em>*Graffiti du Caire 2013, dans le cadre de la r\u00e9volution \u00e9gyptienne, par Mira Shihadeh\u00a0<\/em><\/p>\n<p><em>*Photo prise par Hassan Ammar, photographe de l'AP<\/em><\/p>\n\t\t\t\t<a href=\"#\"  target=\"_self\" itemprop=\"url\">\n\t\t\t\t<img decoding=\"async\" data-src=\"https:\/\/www.aspenglobalinnovators.org\/wp-content\/uploads\/2025\/03\/Peggys-Art-piece-rotated.jpg\" alt=\"The photo is taken by Peggy Clark at the Bami Hamida organization, which is a weaving project center and gallery in Jordan.\" itemprop=\"image\" height=\"640\" width=\"480\" title=\"L&#039;\u0153uvre d&#039;art de Peggy\" onerror=\"this.style.display='none'\" src=\"data:image\/svg+xml;base64,PHN2ZyB3aWR0aD0iMSIgaGVpZ2h0PSIxIiB4bWxucz0iaHR0cDovL3d3dy53My5vcmcvMjAwMC9zdmciPjwvc3ZnPg==\" class=\"lazyload\" style=\"--smush-placeholder-width: 480px; --smush-placeholder-aspect-ratio: 480\/640;\" \/>\n\t\t\t\t<\/a>\n<h3><a href=\"#\" target=\"_self\">Le pouvoir des femmes<\/a><\/h3><p><strong>Peggy Clark - Directrice ex\u00e9cutive par int\u00e9rim et fondatrice<\/strong><\/p>\n<blockquote><p>Cette image repr\u00e9sente un magnifique tapis fabriqu\u00e9 par la coop\u00e9rative de tissage Bani Hamida en Jordanie. Elle m'inspire car elle me rappelle une p\u00e9riode importante de ma vie qui a renforc\u00e9 mon engagement et ma foi dans le pouvoir des femmes. En 1986, j'\u00e9tais une jeune femme s\u00e9rieuse de 26 ans qui travaillait comme premi\u00e8re directrice des petites entreprises et du cr\u00e9dit \u00e0 Save the Children. Mon travail consistait \u00e0 travailler avec les nombreuses activit\u00e9s g\u00e9n\u00e9ratrices de revenus naissantes dans les 43 pays membres de Save the Children. J'ai \u00e9t\u00e9 envoy\u00e9e en Jordanie o\u00f9 un petit groupe de femmes b\u00e9douines faisait revivre la technique ancestrale du tissage manuel de tapis \u00e0 l'aide de m\u00e9tiers \u00e0 tisser faits de b\u00e2tons et de pierres. J'ai travaill\u00e9 en \u00e9troite collaboration avec le groupe pour essayer de nouvelles palettes de couleurs audacieuses, et j'ai \u00e9labor\u00e9 un plan d'entreprise pour deux g\u00e9n\u00e9rations, avec les m\u00e8res et les grands-m\u00e8res les plus \u00e2g\u00e9es comme tisseuses, et leurs filles, qui \u00e9taient alphab\u00e9tis\u00e9es et capables de voyager en dehors des villages ruraux, comme responsables du marketing et de la gestion financi\u00e8re. Trente ans apr\u00e8s ma premi\u00e8re visite, j'ai pu les rencontrer \u00e0 nouveau et j'ai d\u00e9couvert une coop\u00e9rative dynamique de 3 500 femmes, forte de plusieurs millions de dollars, qui avait permis \u00e0 des g\u00e9n\u00e9rations de filles d'aller \u00e0 l'universit\u00e9 et qui \u00e9tait reconnue dans le monde entier. Mon c\u0153ur se gonfle de joie lorsque je pense \u00e0 mon petit r\u00f4le dans cette glorieuse histoire du pouvoir des femmes ! Et j'ai toujours le tapis bleu dans mon salon, qui m'apporte de la joie tous les jours.<\/p><\/blockquote>\n<p><em>*La photo a \u00e9t\u00e9 prise par Peggy Clark \u00e0 l'organisation Bami Hamida, qui est un centre de projet de tissage et une galerie en Jordanie.<\/em><\/p>\n\t\t\t\t<a href=\"#\"  target=\"_self\" itemprop=\"url\">\n\t\t\t\t<img decoding=\"async\" data-src=\"https:\/\/www.aspenglobalinnovators.org\/wp-content\/uploads\/bb-plugin\/cache\/Sylvias-Art-piece-portrait-be14f7519acc28fb1e29ccd84ca1b01a-.jpeg\" alt=\"The art is done by a young artist from Sierra Leone name Morrison\" itemprop=\"image\" height=\"800\" width=\"567\" title=\"L&#039;\u0153uvre d&#039;art de Sylvia\" onerror=\"this.style.display='none'\" src=\"data:image\/svg+xml;base64,PHN2ZyB3aWR0aD0iMSIgaGVpZ2h0PSIxIiB4bWxucz0iaHR0cDovL3d3dy53My5vcmcvMjAwMC9zdmciPjwvc3ZnPg==\" class=\"lazyload\" style=\"--smush-placeholder-width: 567px; --smush-placeholder-aspect-ratio: 567\/800;\" \/>\n\t\t\t\t<\/a>\n<h3><a href=\"#\" target=\"_self\">La force<\/a><\/h3><p><strong>Sylvia Kalley - Directrice associ\u00e9e<\/strong><\/p>\n<blockquote><p>Cette \u0153uvre est la premi\u00e8re que j'ai command\u00e9e \u00e0 un jeune artiste de Sierra Leone nomm\u00e9 Morrison. Elle montre la force d'une femme, qui brille malgr\u00e9 tout ce que la vie lui r\u00e9serve. C'est une \u0153uvre qui n'est faite que pour moi, personne dans le monde n'aura jamais cette \u0153uvre.<\/p><\/blockquote>\n<p><em>*Cr\u00e9dit : @morisonarts<\/em><\/p>\n<p><em>* La photo est prise par Slyvia Kalley<\/em><\/p>\n\t\t\t\t<a href=\"#\"  target=\"_self\" itemprop=\"url\">\n\t\t\t\t<img decoding=\"async\" data-src=\"https:\/\/www.aspenglobalinnovators.org\/wp-content\/uploads\/2025\/03\/Tsions-Art.png\" alt=\"Mark Bradford Medusa 2016 Acrylic, paint, paper, rope, and caulk, dimensions variable image courtesy the artist and Hauser and Wirth photo:Joshua White https:\/\/www.theartsection.com\/mark-bradford\" itemprop=\"image\" height=\"3304\" width=\"2242\" title=\"L&#039;art de Tsion\" onerror=\"this.style.display='none'\" src=\"data:image\/svg+xml;base64,PHN2ZyB3aWR0aD0iMSIgaGVpZ2h0PSIxIiB4bWxucz0iaHR0cDovL3d3dy53My5vcmcvMjAwMC9zdmciPjwvc3ZnPg==\" class=\"lazyload\" style=\"--smush-placeholder-width: 2242px; --smush-placeholder-aspect-ratio: 2242\/3304;\" \/>\n\t\t\t\t<\/a>\n<h3><a href=\"#\" target=\"_self\">R\u00e9cits de pouvoir<\/a><\/h3><p><strong>Tsion Ghedamu - Directeur adjoint<\/strong><\/p>\n<blockquote><p>Mark Bradford's <i>M\u00e9duse<\/i> m'incite, en tant que responsable, \u00e0 repenser les r\u00e9cits de pouvoir et de r\u00e9silience, en me rappelant que la transformation peut \u00e9merger de l'adversit\u00e9. Cela renforce ma responsabilit\u00e9 de cr\u00e9er des espaces o\u00f9 les voix marginalis\u00e9es sont entendues et red\u00e9finies selon leurs propres termes, plut\u00f4t qu'\u00e0 travers le prisme de la soci\u00e9t\u00e9. <\/p><\/blockquote>\n<p>* <em>Mark Bradford | Medusa | 2016 Acrylique, peinture, papier, corde et mastic, dimensions variables image avec l'aimable autorisation de l'artiste et de Hauser and Wirth. <\/em><\/p>\n<p><em>Photo : Joshua White <\/em><\/p>\n<p><em>Tir\u00e9 de : https:\/\/www.theartsection.com\/mark-bradford<\/em><\/p>","protected":false},"excerpt":{"rendered":"<p>Chaque coup de pinceau, chaque couleur, chaque d\u00e9tail raconte une histoire. En cette Journ\u00e9e internationale de la femme, nous c\u00e9l\u00e9brons les parcours des femmes leaders du r\u00e9seau AGI \u00e0 travers l'art, reflet de leurs exp\u00e9riences, de leur r\u00e9silience et de leur vision de l'avenir. \u00c0 travers des peintures vibrantes, des dessins complexes et des cr\u00e9ations innovantes, ces femmes partagent leurs histoires personnelles - des moments...<\/p>","protected":false},"author":33,"featured_media":0,"parent":0,"menu_order":0,"comment_status":"closed","ping_status":"closed","template":"","meta":{"_acf_changed":false,"footnotes":""},"class_list":["post-2421","page","type-page","status-publish","hentry"],"acf":[],"_links":{"self":[{"href":"https:\/\/www.aspenglobalinnovators.org\/fr\/wp-json\/wp\/v2\/pages\/2421","targetHints":{"allow":["GET"]}}],"collection":[{"href":"https:\/\/www.aspenglobalinnovators.org\/fr\/wp-json\/wp\/v2\/pages"}],"about":[{"href":"https:\/\/www.aspenglobalinnovators.org\/fr\/wp-json\/wp\/v2\/types\/page"}],"author":[{"embeddable":true,"href":"https:\/\/www.aspenglobalinnovators.org\/fr\/wp-json\/wp\/v2\/users\/33"}],"replies":[{"embeddable":true,"href":"https:\/\/www.aspenglobalinnovators.org\/fr\/wp-json\/wp\/v2\/comments?post=2421"}],"version-history":[{"count":5,"href":"https:\/\/www.aspenglobalinnovators.org\/fr\/wp-json\/wp\/v2\/pages\/2421\/revisions"}],"predecessor-version":[{"id":2526,"href":"https:\/\/www.aspenglobalinnovators.org\/fr\/wp-json\/wp\/v2\/pages\/2421\/revisions\/2526"}],"wp:attachment":[{"href":"https:\/\/www.aspenglobalinnovators.org\/fr\/wp-json\/wp\/v2\/media?parent=2421"}],"curies":[{"name":"wp","href":"https:\/\/api.w.org\/{rel}","templated":true}]}}