{"id":3080,"date":"2026-02-06T10:23:35","date_gmt":"2026-02-06T18:23:35","guid":{"rendered":"https:\/\/www.aspenglobalinnovators.org\/?page_id=3080"},"modified":"2026-04-16T05:19:05","modified_gmt":"2026-04-16T12:19:05","slug":"global-prosperity-security-development","status":"publish","type":"page","link":"https:\/\/www.aspenglobalinnovators.org\/fr\/global-prosperity-security-development\/","title":{"rendered":"Le groupe strat\u00e9gique de haut niveau d'Aspen sur la prosp\u00e9rit\u00e9, la s\u00e9curit\u00e9 et le d\u00e9veloppement dans le monde"},"content":{"rendered":"<h4><em><strong>Mobiliser les leaders mondiaux des secteurs multilat\u00e9raux, des entreprises, des organisations \u00e0 but non lucratif, de la philanthropie et des politiques pour r\u00e9imaginer le d\u00e9veloppement international et l'aide humanitaire et cr\u00e9er des plans d'action \u00e0 court terme pour faire avancer ces id\u00e9es.<\/strong><\/em><\/h4>\n<h2>\n\t\t\tAPER\u00c7U DU GROUPE DE STRAT\u00c9GIE DE HAUT NIVEAU\t<\/h2>\n\t<p>Le changement radical de l'engagement de longue date des \u00c9tats-Unis en mati\u00e8re d'aide \u00e0 l'\u00e9tranger, associ\u00e9 \u00e0 des tendances g\u00e9opolitiques plus larges, a incit\u00e9 les experts, les d\u00e9cideurs politiques et les praticiens \u00e0 repenser le d\u00e9veloppement. De nouvelles visions, de nouveaux mod\u00e8les et de nouvelles solutions pratiques sont n\u00e9cessaires de toute urgence dans le sillage de cette transformation de l'aide au d\u00e9veloppement, et les dirigeants sont avides de forums pour identifier, concevoir et d\u00e9velopper une feuille de route pour aller de l'avant.<\/p>\n<p>Building on the Aspen Institute&#8217;s long-standing ability to convene highest-level, bipartisan leaders from across sectors-including leaders from the Global South, the private sector, development finance institutions, and foreign policy-the Aspen Global Prosperity, Security, and Development High-Level Strategy Group creates a neutral space for constructive, trust-based dialogue that bridges silos, builds shared purpose, and advances consensus and actionable steps toward a forward-looking global development agenda.<\/p>\n<p>Le groupe strat\u00e9gique proposera des mod\u00e8les concrets et pragmatiques d'aide au d\u00e9veloppement dans les domaines du financement du d\u00e9veloppement, des innovations en mati\u00e8re d'\u00e9chelle et d'efficacit\u00e9, des nouveaux partenariats public-priv\u00e9, du financement des gouvernements nationaux, de la durabilit\u00e9 et des strat\u00e9gies de la soci\u00e9t\u00e9 civile.<\/p>\n\t<iframe allowfullscreen allow=\"autoplay\" data-src=\"https:\/\/www.youtube.com\/embed\/kgodshHiX4w?feature=oembed&amp;start&amp;end&amp;wmode=opaque&amp;loop=0&amp;controls=1&amp;mute=0&amp;rel=0&amp;modestbranding=0\"><\/iframe>\t\t\n\t\t\t\t\tPlay Video\n<h2>\n\t\t\tSTRAT\u00c9GIE DIRECTION DU GROUPE\t<\/h2>\n<h2>\n\t\t\tCONV\u00c9NIATIONS\t<\/h2>\n<figure itemscope itemtype=\"https:\/\/schema.org\/ImageObject\">\n\t\t\t\t<img decoding=\"async\" data-src=\"https:\/\/www.aspenglobalinnovators.org\/wp-content\/uploads\/2026\/02\/1689-9-13-February-2026-scaled.jpg\" alt=\"The High-Level Strategy Group Photo from Bellagio\" height=\"1707\" width=\"2560\" title=\"Le groupe de strat\u00e9gie de haut niveau Photo du Bellagio\" onerror=\"this.style.display='none'\" src=\"data:image\/svg+xml;base64,PHN2ZyB3aWR0aD0iMSIgaGVpZ2h0PSIxIiB4bWxucz0iaHR0cDovL3d3dy53My5vcmcvMjAwMC9zdmciPjwvc3ZnPg==\" class=\"lazyload\" style=\"--smush-placeholder-width: 2560px; --smush-placeholder-aspect-ratio: 2560\/1707;\" \/>\n\t\t<figcaption>21 dirigeants et le leadership de groupe strat\u00e9gique en Italie<\/figcaption>\n\t<\/figure>\n\t<p><strong>Convocation inaugurale :<\/strong><\/p>\n<p>Du 9 au 12 f\u00e9vrier 2026, un groupe diversifi\u00e9 de dirigeants de gouvernements, de la finance, des affaires, de la philanthropie, des institutions multilat\u00e9rales et de la soci\u00e9t\u00e9 civile s'est r\u00e9uni au Centre Bellagio en Italie pour examiner une question centrale : <em><strong>quelle est la prochaine \u00e9tape pour le d\u00e9veloppement mondial ?\u00a0<\/strong><\/em><\/p>\n<p>Ce rassemblement a eu lieu \u00e0 un moment de perturbation structurelle. L'aide publique au d\u00e9veloppement diminue, le fardeau de la dette augmente, la concurrence g\u00e9opolitique s'intensifie et la fragmentation institutionnelle s'aggrave. Dans le m\u00eame temps, les pressions d\u00e9mographiques, les changements technologiques et le retour \u00e0 la souverainet\u00e9 et \u00e0 la dignit\u00e9 red\u00e9finissent les attentes des pays partenaires. Le groupe s'est r\u00e9uni \u00e0 ce moment-l\u00e0 non pas pour d\u00e9fendre ou critiquer le statu quo ante, mais pour r\u00e9fl\u00e9chir \u00e0 la mani\u00e8re dont cette rupture pourrait devenir un catalyseur pour une r\u00e9invention et un renouvellement productifs.<\/p>\n\t<p>Pendant quatre jours de discussions structur\u00e9es et de groupes de travail en petits groupes, le groupe s'est concentr\u00e9 sur l'identification de points d'appui pratiques pour l'action : comment r\u00e9aligner le financement du d\u00e9veloppement sur la croissance et la cr\u00e9ation d'emplois ; comment renforcer le partenariat avec les gouvernements nationaux et la mobilisation des ressources nationales ; comment d\u00e9bloquer l'engagement du secteur priv\u00e9 \u00e0 grande \u00e9chelle ; et comment int\u00e9grer l'innovation dans les syst\u00e8mes plut\u00f4t que dans les projets.<\/p>\n\t\t\t<a href=\"https:\/\/www.aspenglobalinnovators.org\/wp-content\/uploads\/2026\/04\/AGIG-Bellagio-Report-FIN.pdf\"  target=\"_self\">\n\t\t\t\t\t\t\tREAD THE REPORT\n\t\t\t\t\t<\/a>\n\t<h3><strong><em>Pour toute question relative au groupe de strat\u00e9gie de haut niveau, veuillez nous contacter \u00e0 l'adresse suivante <a href=\"mailto:globalinnovators@aspeninstitute.org\">globalinnovators@aspeninstitute.org<\/a><\/em><\/strong><\/h3>\n\t\t\t\t\t\t\t<a href=\"https:\/\/www.aspenideas.org\/attend\/health\" target=\"_blank\" rel=\"noopener\">\n\t\t\t\t\t\t\t\t\t\t\t\t<h3>Aspen Ideas Health<\/h3>\n\t\t\t\t\t<\/a>\n\t\t\t\t\t\t\t\t\t<a href=\"https:\/\/www.amphealth.org\/\" target=\"_blank\" rel=\"noopener\">\n\t\t\t\t\t\t\t\t\t\t\t\t<h3>AMP Health<\/h3>\n\t\t\t\t\t<\/a>\n\t\t\t\t\t\t\t\t\t<a href=\"https:\/\/aspencommunitiesfirst.org\/\" target=\"_blank\" rel=\"noopener\">\n\t\t\t\t\t\t\t\t\t\t\t\t<h3>La collaboration mondiale \"Les communaut\u00e9s d'abord\" (Communities First Global Collaborative)<\/h3>\n\t\t\t\t\t<\/a>\n\t\t\t\t\t\t\t\t\t<a href=\"https:\/\/www.aspenhc.org\/\" target=\"_blank\" rel=\"noopener\">\n\t\t\t\t\t\t\t\t\t\t\t\t<h3>Bourse Communaut\u00e9s en sant\u00e9<\/h3>\n\t\t\t\t\t<\/a>\n\t\t\t\t\t\t\t\t\t<a href=\"https:\/\/newvoicesfellows.aspeninstitute.org\/\" target=\"_blank\" rel=\"noopener\">\n\t\t\t\t\t\t\t\t\t\t\t\t<h3>Bourse New Voices<\/h3>\n\t\t\t\t\t<\/a>","protected":false},"excerpt":{"rendered":"<p>Mobilizing global leaders from the multilateral, corporate, non-profit, philanthropy, and policy sectors to re-imagine international development and humanitarian assistance and create near-term action plans to propel these ideas forward. OVERVIEW OF THE HIGH-LEVEL STRATEGY GROUP The dramatic shifting of the longstanding commitment of the U.S. to foreign assistance, coupled with larger geopolitical trends, has left&hellip;<\/p>","protected":false},"author":33,"featured_media":3167,"parent":0,"menu_order":0,"comment_status":"closed","ping_status":"closed","template":"","meta":{"_acf_changed":false,"footnotes":""},"class_list":["post-3080","page","type-page","status-publish","has-post-thumbnail","hentry"],"acf":[],"_links":{"self":[{"href":"https:\/\/www.aspenglobalinnovators.org\/fr\/wp-json\/wp\/v2\/pages\/3080","targetHints":{"allow":["GET"]}}],"collection":[{"href":"https:\/\/www.aspenglobalinnovators.org\/fr\/wp-json\/wp\/v2\/pages"}],"about":[{"href":"https:\/\/www.aspenglobalinnovators.org\/fr\/wp-json\/wp\/v2\/types\/page"}],"author":[{"embeddable":true,"href":"https:\/\/www.aspenglobalinnovators.org\/fr\/wp-json\/wp\/v2\/users\/33"}],"replies":[{"embeddable":true,"href":"https:\/\/www.aspenglobalinnovators.org\/fr\/wp-json\/wp\/v2\/comments?post=3080"}],"version-history":[{"count":14,"href":"https:\/\/www.aspenglobalinnovators.org\/fr\/wp-json\/wp\/v2\/pages\/3080\/revisions"}],"predecessor-version":[{"id":3232,"href":"https:\/\/www.aspenglobalinnovators.org\/fr\/wp-json\/wp\/v2\/pages\/3080\/revisions\/3232"}],"wp:featuredmedia":[{"embeddable":true,"href":"https:\/\/www.aspenglobalinnovators.org\/fr\/wp-json\/wp\/v2\/media\/3167"}],"wp:attachment":[{"href":"https:\/\/www.aspenglobalinnovators.org\/fr\/wp-json\/wp\/v2\/media?parent=3080"}],"curies":[{"name":"wp","href":"https:\/\/api.w.org\/{rel}","templated":true}]}}