{"id":52,"date":"2023-02-06T17:48:41","date_gmt":"2023-02-07T01:48:41","guid":{"rendered":"https:\/\/www.aspenglobalinnovators.org\/?page_id=52"},"modified":"2026-02-02T07:31:29","modified_gmt":"2026-02-02T15:31:29","slug":"community","status":"publish","type":"page","link":"https:\/\/www.aspenglobalinnovators.org\/fr\/community\/","title":{"rendered":"Communaut\u00e9"},"content":{"rendered":"<h3  data-animation-delay=\"0\" data-animation-duration=\"1\">\n\t\t\tGr\u00e2ce \u00e0 nos programmes de bourses, nous soutenons des leaders innovants enracin\u00e9s localement et disposant d'un r\u00e9seau mondial dans le monde entier. Explorez notre base de donn\u00e9es communautaire ci-dessous pour en savoir plus.\t<\/h3>\n\t\t<h4>\n\t\t\tBo\u00eete modale\n\t\t\t\t\t<\/h4>\n\t\t<h5>modal-<\/h5>\n\t\tCliquez ici pour modifier les param\u00e8tres de la \"bo\u00eete modale\". Ce texte est uniquement destin\u00e9 \u00e0 l'\u00e9dition et n'appara\u00eetra pas apr\u00e8s la publication des modifications.\n\t\t\t\t\t\tAper\u00e7u\n\t\t\tmodal-\n\t\t\t\t\t\t<!-- fellow modal box -->\n\n\t\t<img decoding=\"async\" data-src=\"https:\/\/www.aspenglobalinnovators.org\/wp-content\/uploads\/2023\/03\/Headshot-Fallback.jpg\" src=\"data:image\/svg+xml;base64,PHN2ZyB3aWR0aD0iMSIgaGVpZ2h0PSIxIiB4bWxucz0iaHR0cDovL3d3dy53My5vcmcvMjAwMC9zdmciPjwvc3ZnPg==\" class=\"lazyload\" style=\"--smush-placeholder-width: 500px; --smush-placeholder-aspect-ratio: 500\/500;\" \/>\n\n\t<h3><\/h3>\n\t\n\t\n\t    <h4> <br \/>  \n<\/h4>\n\t\t\t\t\t    \n    \n    <img decoding=\"async\" src=\"\"\/>\n    \n        \t\n        \t\n        \t\n        \t\n        <a href='mailto:globalinnovators@aspeninstitute.org'>Envoyez-nous un courriel pour nous contacter <\/a>    \n<h2>\n\t\t\tNommer un boursier\t<\/h2>\n\t<p>L'Aspen Global Innovators Group soutient des programmes de bourses phares. Ces bourses permettent aux leaders d'amplifier leur voix, leur visibilit\u00e9 et leur impact. Les leaders apportent leur expertise dans tous les secteurs et comprennent des entrepreneurs, des organisateurs communautaires et des experts locaux qui sont \u00e0 la fois proches des plus grands d\u00e9fis de notre \u00e9poque en mati\u00e8re de sant\u00e9 et de d\u00e9veloppement et qui apportent \u00e9galement une exp\u00e9rience v\u00e9cue et apprise \u00e0 leurs solutions.<\/p>\n\t\t\t<a href=\"https:\/\/www.tfaforms.com\/5116146\" target=\"_blank\" rel=\"noopener\">\n\t\t\t\t\t\t\tBourses mondiales\n\t\t\t\t\t<\/a>\n\t\t\t<a href=\"\"  target=\"_blank\" rel=\"noopener\">\n\t\t\t\t\t\t\tBourse Communaut\u00e9s en sant\u00e9\n\t\t\t\t\t<\/a>\n\t\t\t\t\t\t\t<a href=\"https:\/\/www.aspenideas.org\/attend\/health\" target=\"_blank\" rel=\"noopener\">\n\t\t\t\t\t\t\t\t\t\t\t\t<h3>Aspen Ideas Health<\/h3>\n\t\t\t\t\t<\/a>\n\t\t\t\t\t\t\t\t\t<a href=\"https:\/\/www.amphealth.org\/\" target=\"_blank\" rel=\"noopener\">\n\t\t\t\t\t\t\t\t\t\t\t\t<h3>AMP Health<\/h3>\n\t\t\t\t\t<\/a>\n\t\t\t\t\t\t\t\t\t<a href=\"https:\/\/aspencommunitiesfirst.org\/\" target=\"_blank\" rel=\"noopener\">\n\t\t\t\t\t\t\t\t\t\t\t\t<h3>La collaboration mondiale \"Les communaut\u00e9s d'abord\" (Communities First Global Collaborative)<\/h3>\n\t\t\t\t\t<\/a>\n\t\t\t\t\t\t\t\t\t<a href=\"https:\/\/www.aspenhc.org\/\" target=\"_blank\" rel=\"noopener\">\n\t\t\t\t\t\t\t\t\t\t\t\t<h3>Bourse Communaut\u00e9s en sant\u00e9<\/h3>\n\t\t\t\t\t<\/a>\n\t\t\t\t\t\t\t\t\t<a href=\"https:\/\/newvoicesfellows.aspeninstitute.org\/\" target=\"_blank\" rel=\"noopener\">\n\t\t\t\t\t\t\t\t\t\t\t\t<h3>Bourse New Voices<\/h3>\n\t\t\t\t\t<\/a>","protected":false},"excerpt":{"rendered":"<p>Gr\u00e2ce \u00e0 nos programmes de bourses, nous soutenons des leaders innovants enracin\u00e9s localement et disposant d'un r\u00e9seau mondial dans le monde entier. Explorez notre base de donn\u00e9es communautaire ci-dessous pour en savoir plus. Bo\u00eete modale - Cliquez ici pour modifier les param\u00e8tres de la bo\u00eete modale. Ce texte est uniquement destin\u00e9 \u00e0 l'\u00e9dition et n'appara\u00eetra pas apr\u00e8s la publication des modifications. Pr\u00e9visualisation modale- Envoyez-nous un courriel pour contacter les...<\/p>","protected":false},"author":13,"featured_media":277,"parent":0,"menu_order":0,"comment_status":"closed","ping_status":"closed","template":"","meta":{"_acf_changed":false,"footnotes":""},"class_list":["post-52","page","type-page","status-publish","has-post-thumbnail","hentry"],"acf":[],"_links":{"self":[{"href":"https:\/\/www.aspenglobalinnovators.org\/fr\/wp-json\/wp\/v2\/pages\/52","targetHints":{"allow":["GET"]}}],"collection":[{"href":"https:\/\/www.aspenglobalinnovators.org\/fr\/wp-json\/wp\/v2\/pages"}],"about":[{"href":"https:\/\/www.aspenglobalinnovators.org\/fr\/wp-json\/wp\/v2\/types\/page"}],"author":[{"embeddable":true,"href":"https:\/\/www.aspenglobalinnovators.org\/fr\/wp-json\/wp\/v2\/users\/13"}],"replies":[{"embeddable":true,"href":"https:\/\/www.aspenglobalinnovators.org\/fr\/wp-json\/wp\/v2\/comments?post=52"}],"version-history":[{"count":12,"href":"https:\/\/www.aspenglobalinnovators.org\/fr\/wp-json\/wp\/v2\/pages\/52\/revisions"}],"predecessor-version":[{"id":3110,"href":"https:\/\/www.aspenglobalinnovators.org\/fr\/wp-json\/wp\/v2\/pages\/52\/revisions\/3110"}],"wp:featuredmedia":[{"embeddable":true,"href":"https:\/\/www.aspenglobalinnovators.org\/fr\/wp-json\/wp\/v2\/media\/277"}],"wp:attachment":[{"href":"https:\/\/www.aspenglobalinnovators.org\/fr\/wp-json\/wp\/v2\/media?parent=52"}],"curies":[{"name":"wp","href":"https:\/\/api.w.org\/{rel}","templated":true}]}}