{"id":53,"date":"2023-02-06T17:49:04","date_gmt":"2023-02-07T01:49:04","guid":{"rendered":"https:\/\/www.aspenglobalinnovators.org\/?page_id=53"},"modified":"2025-07-10T13:36:52","modified_gmt":"2025-07-10T20:36:52","slug":"programs","status":"publish","type":"page","link":"https:\/\/www.aspenglobalinnovators.org\/fr\/programs\/","title":{"rendered":"Les programmes"},"content":{"rendered":"<h3  data-animation-delay=\"0\" data-animation-duration=\"1\">\n\t\t\tLe groupe Aspen Global Innovators \u00e9largit l'acc\u00e8s et la prosp\u00e9rit\u00e9 pour tous. Notre r\u00e9seau d'innovateurs met en lumi\u00e8re des d\u00e9fis n\u00e9glig\u00e9s, puis cr\u00e9e des programmes, des politiques et des partenariats pour les relever.\t<\/h3>\n<h3>\n\t\t\tBourse New Voices\t<\/h3>\n\t<p>Catalyser les leaders enracin\u00e9s localement et en r\u00e9seau mondial pour qu'ils deviennent des champions visibles et efficaces de syst\u00e8mes de sant\u00e9 et de d\u00e9veloppement plus \u00e9quitables.<\/p>\n<h3>\n\t\t<a href=\"https:\/\/www.aspenglobalinnovators.org\/fr\/programs\/healthy-communities-fellowship\/\" title=\"Bourse Communaut\u00e9s en sant\u00e9\"  target=\"_blank\"  rel=\"noopener\">\n\t\t\tBourse Communaut\u00e9s en sant\u00e9\t\t<\/a>\n\t<\/h3>\n\t<p>Soutenir les leaders de couleur issus de communaut\u00e9s des \u00c9tats-Unis o\u00f9 le bien-\u00eatre est affect\u00e9 de mani\u00e8re disproportionn\u00e9e par les disparit\u00e9s \u00e9conomiques, raciales et sanitaires.<\/p>\n<h3>\n\t\t<a href=\"https:\/\/www.aspenglobalinnovators.org\/fr\/programs\/impact-west-africa\/\" title=\"Impact Afrique de l&#039;Ouest\"  target=\"_blank\"  rel=\"noopener\">\n\t\t\tImpact Afrique de l'Ouest\t\t<\/a>\n\t<\/h3>\n\t<p>Doter les acteurs du changement en Afrique de l'Ouest des comp\u00e9tences et des ressources n\u00e9cessaires pour conduire des changements significatifs et durables dans leurs communaut\u00e9s et au-del\u00e0.<\/p>\n<h3>\n\t\t<a href=\"https:\/\/www.aspenideas.org\/attend\/health\" title=\"Les id\u00e9es d&#039;Aspen : Sant\u00e9\" target=\"_blank\" rel=\"noopener\">\n\t\t\tLes id\u00e9es d'Aspen : Sant\u00e9\t\t<\/a>\n\t<\/h3>\n\t<p>Un forum cr\u00e9atif de premier plan sur la sant\u00e9 dans le cadre du festival d'id\u00e9es d'Aspen.<\/p>\n<h3>\n\t\t<a href=\"https:\/\/aspenwomenandgirls.aspeninstitute.org\/\" title=\"Forum Aspen sur les femmes et les filles\" target=\"_blank\" rel=\"noopener\">\n\t\t\tForum Aspen sur les femmes et les filles\t\t<\/a>\n\t<\/h3>\n\t<p>C\u00e9l\u00e9bration de la prochaine g\u00e9n\u00e9ration de conversations, de leaders et de solutions.<\/p>\n<h3>\n\t\t<a href=\"https:\/\/aspencommunitiesfirst.org\/\" title=\"La collaboration mondiale &quot;Les communaut\u00e9s d&#039;abord&quot; (Communities First Global Collaborative)\" target=\"_blank\" rel=\"noopener\">\n\t\t\tLa collaboration mondiale \"Les communaut\u00e9s d'abord\" (Communities First Global Collaborative)\t\t<\/a>\n\t<\/h3>\n\t<p>Construire une voix collective de leaders communautaires qui renforcent les syst\u00e8mes locaux de sant\u00e9 publique et de sant\u00e9 communautaire.<\/p>\n<h3>\n\t\t<a href=\"https:\/\/www.aspenglobalinnovators.org\/fr\/programs\/advanced-advocacy-program\/\" title=\"Programme avanc\u00e9 de plaidoyer\" target=\"_blank\" rel=\"noopener\">\n\t\t\tProgramme avanc\u00e9 de plaidoyer\t\t<\/a>\n\t<\/h3>\n\t<p>Amplifier les nouvelles voix Les voix et les missions des boursiers seniors en tant que leaders de la sant\u00e9 mondiale et du d\u00e9veloppement afin de relever des d\u00e9fis critiques et d'atteindre des objectifs strat\u00e9giques de plaidoyer.<\/p>\n\t\t\t\t\t\t\t<a href=\"https:\/\/www.aspenideas.org\/attend\/health\" target=\"_blank\" rel=\"noopener\">\n\t\t\t\t\t\t\t\t\t\t\t\t<h3>Aspen Ideas Health<\/h3>\n\t\t\t\t\t<\/a>\n\t\t\t\t\t\t\t\t\t<a href=\"https:\/\/www.amphealth.org\/\" target=\"_blank\" rel=\"noopener\">\n\t\t\t\t\t\t\t\t\t\t\t\t<h3>AMP Health<\/h3>\n\t\t\t\t\t<\/a>\n\t\t\t\t\t\t\t\t\t<a href=\"https:\/\/aspencommunitiesfirst.org\/\" target=\"_blank\" rel=\"noopener\">\n\t\t\t\t\t\t\t\t\t\t\t\t<h3>La collaboration mondiale \"Les communaut\u00e9s d'abord\" (Communities First Global Collaborative)<\/h3>\n\t\t\t\t\t<\/a>\n\t\t\t\t\t\t\t\t\t<a href=\"https:\/\/www.aspenhc.org\/\" target=\"_blank\" rel=\"noopener\">\n\t\t\t\t\t\t\t\t\t\t\t\t<h3>Bourse Communaut\u00e9s en sant\u00e9<\/h3>\n\t\t\t\t\t<\/a>\n\t\t\t\t\t\t\t\t\t<a href=\"https:\/\/newvoicesfellows.aspeninstitute.org\/\" target=\"_blank\" rel=\"noopener\">\n\t\t\t\t\t\t\t\t\t\t\t\t<h3>Bourse New Voices<\/h3>\n\t\t\t\t\t<\/a>","protected":false},"excerpt":{"rendered":"<p>Le groupe Aspen Global Innovators \u00e9largit l'acc\u00e8s et la prosp\u00e9rit\u00e9 pour tous. Notre r\u00e9seau d'innovateurs met en lumi\u00e8re des d\u00e9fis n\u00e9glig\u00e9s, puis cr\u00e9e des programmes, des politiques et des partenariats pour les relever. New Voices Fellowship Catalyse les leaders enracin\u00e9s localement et en r\u00e9seau mondial pour qu'ils deviennent des champions visibles et efficaces de syst\u00e8mes de sant\u00e9 et de d\u00e9veloppement plus \u00e9quitables. Healthy Communities Fellowship Soutenir les leaders...<\/p>","protected":false},"author":13,"featured_media":207,"parent":0,"menu_order":0,"comment_status":"closed","ping_status":"closed","template":"","meta":{"_acf_changed":false,"footnotes":""},"class_list":["post-53","page","type-page","status-publish","has-post-thumbnail","hentry"],"acf":[],"_links":{"self":[{"href":"https:\/\/www.aspenglobalinnovators.org\/fr\/wp-json\/wp\/v2\/pages\/53","targetHints":{"allow":["GET"]}}],"collection":[{"href":"https:\/\/www.aspenglobalinnovators.org\/fr\/wp-json\/wp\/v2\/pages"}],"about":[{"href":"https:\/\/www.aspenglobalinnovators.org\/fr\/wp-json\/wp\/v2\/types\/page"}],"author":[{"embeddable":true,"href":"https:\/\/www.aspenglobalinnovators.org\/fr\/wp-json\/wp\/v2\/users\/13"}],"replies":[{"embeddable":true,"href":"https:\/\/www.aspenglobalinnovators.org\/fr\/wp-json\/wp\/v2\/comments?post=53"}],"version-history":[{"count":12,"href":"https:\/\/www.aspenglobalinnovators.org\/fr\/wp-json\/wp\/v2\/pages\/53\/revisions"}],"predecessor-version":[{"id":2782,"href":"https:\/\/www.aspenglobalinnovators.org\/fr\/wp-json\/wp\/v2\/pages\/53\/revisions\/2782"}],"wp:featuredmedia":[{"embeddable":true,"href":"https:\/\/www.aspenglobalinnovators.org\/fr\/wp-json\/wp\/v2\/media\/207"}],"wp:attachment":[{"href":"https:\/\/www.aspenglobalinnovators.org\/fr\/wp-json\/wp\/v2\/media?parent=53"}],"curies":[{"name":"wp","href":"https:\/\/api.w.org\/{rel}","templated":true}]}}