{"id":57,"date":"2023-02-06T17:51:03","date_gmt":"2023-02-07T01:51:03","guid":{"rendered":"https:\/\/www.aspenglobalinnovators.org\/?page_id=57"},"modified":"2025-02-20T11:18:09","modified_gmt":"2025-02-20T19:18:09","slug":"knowledge-hub","status":"publish","type":"page","link":"https:\/\/www.aspenglobalinnovators.org\/fr\/stay-informed\/knowledge-hub\/","title":{"rendered":"Carrefour de connaissances"},"content":{"rendered":"<h3>\n\t\t D\u00e9couvrez des informations et explorez la mani\u00e8re dont notre r\u00e9seau amplifie les voix et fa\u00e7onne l'avenir.\n\t<\/h3>\n\t\t\t\t\t\t\t<a href=\"https:\/\/www.aspenideas.org\/attend\/health\" target=\"_blank\" rel=\"noopener\">\n\t\t\t\t\t\t\t\t\t\t\t\t<h3>Aspen Ideas Health<\/h3>\n\t\t\t\t\t<\/a>\n\t\t\t\t\t\t\t\t\t<a href=\"https:\/\/www.amphealth.org\/\" target=\"_blank\" rel=\"noopener\">\n\t\t\t\t\t\t\t\t\t\t\t\t<h3>AMP Health<\/h3>\n\t\t\t\t\t<\/a>\n\t\t\t\t\t\t\t\t\t<a href=\"https:\/\/aspencommunitiesfirst.org\/\" target=\"_blank\" rel=\"noopener\">\n\t\t\t\t\t\t\t\t\t\t\t\t<h3>La collaboration mondiale \"Les communaut\u00e9s d'abord\" (Communities First Global Collaborative)<\/h3>\n\t\t\t\t\t<\/a>\n\t\t\t\t\t\t\t\t\t<a href=\"https:\/\/www.aspenhc.org\/\" target=\"_blank\" rel=\"noopener\">\n\t\t\t\t\t\t\t\t\t\t\t\t<h3>Bourse Communaut\u00e9s en sant\u00e9<\/h3>\n\t\t\t\t\t<\/a>\n\t\t\t\t\t\t\t\t\t<a href=\"https:\/\/newvoicesfellows.aspeninstitute.org\/\" target=\"_blank\" rel=\"noopener\">\n\t\t\t\t\t\t\t\t\t\t\t\t<h3>Bourse New Voices<\/h3>\n\t\t\t\t\t<\/a>","protected":false},"excerpt":{"rendered":"<p>D\u00e9couvrez des id\u00e9es et explorez la mani\u00e8re dont notre r\u00e9seau amplifie les voix et fa\u00e7onne l'avenir Aspen Ideas Health AMP Health Communities First Global Collaborative Healthy Communities Fellowship New Voices Fellowship<\/p>","protected":false},"author":13,"featured_media":334,"parent":55,"menu_order":0,"comment_status":"closed","ping_status":"closed","template":"","meta":{"_acf_changed":false,"footnotes":""},"class_list":["post-57","page","type-page","status-publish","has-post-thumbnail","hentry"],"acf":[],"_links":{"self":[{"href":"https:\/\/www.aspenglobalinnovators.org\/fr\/wp-json\/wp\/v2\/pages\/57","targetHints":{"allow":["GET"]}}],"collection":[{"href":"https:\/\/www.aspenglobalinnovators.org\/fr\/wp-json\/wp\/v2\/pages"}],"about":[{"href":"https:\/\/www.aspenglobalinnovators.org\/fr\/wp-json\/wp\/v2\/types\/page"}],"author":[{"embeddable":true,"href":"https:\/\/www.aspenglobalinnovators.org\/fr\/wp-json\/wp\/v2\/users\/13"}],"replies":[{"embeddable":true,"href":"https:\/\/www.aspenglobalinnovators.org\/fr\/wp-json\/wp\/v2\/comments?post=57"}],"version-history":[{"count":4,"href":"https:\/\/www.aspenglobalinnovators.org\/fr\/wp-json\/wp\/v2\/pages\/57\/revisions"}],"predecessor-version":[{"id":2393,"href":"https:\/\/www.aspenglobalinnovators.org\/fr\/wp-json\/wp\/v2\/pages\/57\/revisions\/2393"}],"up":[{"embeddable":true,"href":"https:\/\/www.aspenglobalinnovators.org\/fr\/wp-json\/wp\/v2\/pages\/55"}],"wp:featuredmedia":[{"embeddable":true,"href":"https:\/\/www.aspenglobalinnovators.org\/fr\/wp-json\/wp\/v2\/media\/334"}],"wp:attachment":[{"href":"https:\/\/www.aspenglobalinnovators.org\/fr\/wp-json\/wp\/v2\/media?parent=57"}],"curies":[{"name":"wp","href":"https:\/\/api.w.org\/{rel}","templated":true}]}}