{"id":58,"date":"2023-02-06T17:51:46","date_gmt":"2023-02-07T01:51:46","guid":{"rendered":"https:\/\/www.aspenglobalinnovators.org\/?page_id=58"},"modified":"2026-02-02T07:40:37","modified_gmt":"2026-02-02T15:40:37","slug":"new-voices-fellowship","status":"publish","type":"page","link":"https:\/\/www.aspenglobalinnovators.org\/fr\/programs\/new-voices-fellowship\/","title":{"rendered":"Bourse New Voices"},"content":{"rendered":"<h3  data-animation-delay=\"0\" data-animation-duration=\"1\">\n\t\t\t\t<\/h3>\n<h2>\n\t\t\tHISTOIRE DE LA FRATERNIT\u00c9\t<\/h2>\n\t<p><em><b>*Nous n'acceptons pas de candidatures pour le moment.<\/b><\/em><\/p>\n\t\t\t<a href=\"https:\/\/www.aspenglobalinnovators.org\/wp-content\/uploads\/2025\/07\/Aspen-NewVoices-Impact-Report-V6-Web-1.pdf\"  target=\"_self\">\n\t\t\t\t\t\t\tLIRE LE RAPPORT D'IMPACT SUR 10 ANS\n\t\t\t\t\t<\/a>\n<h2>\n\t\t\tAPER\u00c7U DU R\u00c9SEAU\t<\/h2>\n<figure itemscope itemtype=\"https:\/\/schema.org\/ImageObject\">\n\t\t\t\t<img decoding=\"async\" data-src=\"https:\/\/www.aspenglobalinnovators.org\/wp-content\/uploads\/2025\/07\/Screenshot-2025-07-24-at-4.08.38\u202fPM.png\" alt=\"NVF 10 year demographics\" height=\"616\" width=\"638\" title=\"Donn\u00e9es d\u00e9mographiques de NVF sur 10 ans\" onerror=\"this.style.display='none'\" src=\"data:image\/svg+xml;base64,PHN2ZyB3aWR0aD0iMSIgaGVpZ2h0PSIxIiB4bWxucz0iaHR0cDovL3d3dy53My5vcmcvMjAwMC9zdmciPjwvc3ZnPg==\" class=\"lazyload\" style=\"--smush-placeholder-width: 638px; --smush-placeholder-aspect-ratio: 638\/616;\" \/>\n\t<\/figure>\n<h2>\n\t\t\tIMPACT DE LA BOURSE\t<\/h2>\n<figure itemscope itemtype=\"https:\/\/schema.org\/ImageObject\">\n\t\t\t\t<img decoding=\"async\" data-src=\"https:\/\/www.aspenglobalinnovators.org\/wp-content\/uploads\/2025\/07\/Screenshot-2025-07-24-at-4.05.26\u202fPM-e1753811112723.png\" alt=\"NVF 10-Year Impact in action\" height=\"619\" width=\"625\" title=\"L&#039;impact de la NVF sur 10 ans en action\" onerror=\"this.style.display='none'\" src=\"data:image\/svg+xml;base64,PHN2ZyB3aWR0aD0iMSIgaGVpZ2h0PSIxIiB4bWxucz0iaHR0cDovL3d3dy53My5vcmcvMjAwMC9zdmciPjwvc3ZnPg==\" class=\"lazyload\" style=\"--smush-placeholder-width: 625px; --smush-placeholder-aspect-ratio: 625\/619;\" \/>\n\t<\/figure>\n<h2>\n\t\t\tSOUTIEN ACTUEL DES ANCIENS \u00c9L\u00c8VES\t<\/h2>\n\tLe r\u00e9seau des anciens de New Voices comprend 187 boursiers originaires de plus de 40 pays, une communaut\u00e9 dynamique de leaders \u00e0 l'origine de changements dans les domaines de la sant\u00e9, du d\u00e9veloppement, du climat, de l'\u00e9galit\u00e9 des sexes, et bien plus encore. Le r\u00e9seau offre des possibilit\u00e9s permanentes de collaboration, d'\u00e9change d'id\u00e9es et de soutien par les pairs, cr\u00e9ant ainsi un \u00e9cosyst\u00e8me durable d'impact longtemps apr\u00e8s la fin de la bourse.\n<p><b><i>Amplification des boursiers\u00a0<\/i><\/b><\/p>\n<ul>\n<li aria-level=\"3\">L'AGI promeut activement le travail des boursiers en partageant leurs r\u00e9alisations \u00e0 travers les plateformes Aspen. Cela inclut la nomination de boursiers pour des prix, des r\u00e9compenses, des opportunit\u00e9s d'intervention et des reconnaissances de leadership de haut niveau, contribuant ainsi \u00e0 accro\u00eetre leur visibilit\u00e9 et leur influence sur la sc\u00e8ne mondiale.<\/li>\n<\/ul>\n<p><b><i>Renforcement des capacit\u00e9s\/soutien professionnel permanent<\/i><\/b><\/p>\n<ul>\n<li aria-level=\"1\"><b>\u00c9changes d'apprentissage entre pairs : <\/b>L'AGI organise tous les trimestres des sessions de formation dirig\u00e9es par les anciens \u00e9l\u00e8ves sur des sujets qu'ils souhaitent explorer. Ces sessions favorisent la collaboration et le partage de comp\u00e9tences adapt\u00e9es \u00e0 l'\u00e9volution des besoins du r\u00e9seau. Parmi les sessions pr\u00e9c\u00e9dentes, citons\u00a0\n<ul>\n<li aria-level=\"2\">Atelier : Multim\u00e9dia num\u00e9rique et strat\u00e9gie de plaidoyer pour l'impact<\/li>\n<li aria-level=\"2\">Atelier de narration, parties 1 et 2<\/li>\n<li aria-level=\"2\">Webinaire : Trouver notre voix dans une p\u00e9riode pr\u00e9caire\u00a0<\/li>\n<\/ul>\n<\/li>\n<li aria-level=\"1\"><b>Cercle des innovateurs :<\/b> L'AGI propose des r\u00e9unions virtuelles mensuelles qui offrent aux boursiers un espace de soutien o\u00f9 ils peuvent discuter de leurs id\u00e9es d'\u00e9criture, recevoir des commentaires sur leurs articles et collaborer avec leurs pairs et le personnel.<\/li>\n<\/ul>\n\n<h2>\n\t\t\tLES BOURSIERS EN VEDETTE\t<\/h2>\n\t<iframe allowfullscreen allow=\"autoplay\" data-src=\"https:\/\/www.youtube.com\/embed\/4QvFTdFJdEw?feature=oembed&amp;start=1593&amp;end&amp;wmode=opaque&amp;loop=0&amp;controls=1&amp;mute=0&amp;rel=0&amp;modestbranding=0\" title=\"Dixon Chibanda, Senior New Voices Fellow, explique comment l&#039;\u00e9quipe du Banc de l&#039;amiti\u00e9 travaille chaque jour \u00e0 r\u00e9soudre des probl\u00e8mes et \u00e0 d\u00e9ployer des solutions dans leurs propres communaut\u00e9s, en comblant le foss\u00e9 entre les communaut\u00e9s et les soins et en contribuant \u00e0 l&#039;\u00e9quit\u00e9 en mati\u00e8re de sant\u00e9 dans le monde. \"><\/iframe>\t\t\n\t\t\t\t\tLire la vid\u00e9o\n\t\t\tDixon Chibanda, Senior New Voices Fellow, explique comment l'\u00e9quipe du banc de l'amiti\u00e9 travaille chaque jour \u00e0 r\u00e9soudre des probl\u00e8mes et \u00e0 d\u00e9ployer des solutions dans leurs propres communaut\u00e9s, en comblant le foss\u00e9 entre les communaut\u00e9s et les soins et en contribuant \u00e0 l'\u00e9quit\u00e9 en mati\u00e8re de sant\u00e9 dans le monde. \n\t<iframe allowfullscreen allow=\"autoplay\" data-src=\"https:\/\/www.youtube.com\/embed\/cpPWQBBgM78?feature=oembed&amp;start&amp;end&amp;wmode=opaque&amp;loop=0&amp;controls=1&amp;mute=0&amp;rel=0&amp;modestbranding=0\" title=\"Carl Manlan, Senior New Voices Fellow, a expliqu\u00e9 comment la bourse phare de l&#039;Aspen Global Innovators Group a fa\u00e7onn\u00e9 son parcours et son impact, lors de l&#039;\u00e9v\u00e9nement Next Generation Africa qui s&#039;est tenu au Ghana.\"><\/iframe>\t\t\n\t\t\t\t\tLire la vid\u00e9o\n\t\t\tCarl Manlan, Senior New Voices Fellow, a expliqu\u00e9 comment la bourse phare de l'Aspen Global Innovators Group a fa\u00e7onn\u00e9 son parcours et son impact, lors de l'\u00e9v\u00e9nement Next Generation Africa au Ghana.\n\t<iframe allowfullscreen allow=\"autoplay\" data-src=\"https:\/\/www.youtube.com\/embed\/0Egs9_rsI-M?feature=oembed&amp;start&amp;end&amp;wmode=opaque&amp;loop=0&amp;controls=1&amp;mute=0&amp;rel=0&amp;modestbranding=0\" title=\"Les boursiers New Voices de la promotion 2018, Clare Byarugaba et Tlaleng Mofokeng, discutant de leurs exp\u00e9riences dans le cadre de la bourse.\"><\/iframe>\t\t\n\t\t\t\t\tLire la vid\u00e9o\n\t\t\tLes boursiers New Voices de la promotion 2018, Clare Byarugaba et Tlaleng Mofokeng, discutent de leurs exp\u00e9riences dans le cadre de la bourse.\n\t<iframe allowfullscreen allow=\"autoplay\" data-src=\"https:\/\/www.youtube.com\/embed\/F6Bpt5ZeBZ8?feature=oembed&amp;start&amp;end&amp;wmode=opaque&amp;loop=0&amp;controls=1&amp;mute=0&amp;rel=0&amp;modestbranding=0\" title=\"Jane Otai, Senior New Voices Fellow, trouve un nouveau moyen de communiquer avec sa communaut\u00e9 dans les bidonvilles de Nairobi lors de la session Undaunted du Festival d&#039;id\u00e9es d&#039;Aspen.\"><\/iframe>\t\t\n\t\t\t\t\tLire la vid\u00e9o\n\t\t\tJane Otai, Senior New Voices Fellow, trouve un nouveau moyen de communiquer avec sa communaut\u00e9 dans les bidonvilles de Nairobi lors de la session Undaunted du Festival d'id\u00e9es d'Aspen.\n\t\t\t<a href=\"https:\/\/www.youtube.com\/watch?v=Hx7yztxjMM4\" target=\"_blank\" rel=\"noopener\">\n\t\t\t\t\t\t\tEN SAVOIR PLUS SUR LA BOURSE\n\t\t\t\t\t<\/a>\n\t\t\t\t\t\t\t<a href=\"https:\/\/www.aspenglobalinnovators.org\/fr\/programs\/aspen-ideas-health\/\" target=\"_self\">\n\t\t\t\t\t<\/a>\n\t\t\t\t\t\t\t\t\t<a href=\"https:\/\/www.aspenglobalinnovators.org\/fr\/programs\/amp-health\/\" target=\"_self\">\n\t\t\t\t\t<\/a>\n\t\t\t\t\t\t\t\t\t<a href=\"https:\/\/www.aspenglobalinnovators.org\/fr\/programs\/communities-first-global-collaborative\/\" target=\"_self\">\n\t\t\t\t\t<\/a>\n\t\t\t\t\t\t\t\t\t<a href=\"https:\/\/www.aspenglobalinnovators.org\/fr\/programs\/healthy-communities-fellowship\/\" target=\"_self\">\n\t\t\t\t\t<\/a>","protected":false},"excerpt":{"rendered":"<p>HISTORY OF THE FELLOWSHIP *We are not accepting applications at this time. READ THE 10-YEAR IMPACT REPORT OVERVIEW OF NETWORK FELLOWSHIP IMPACT CURRENT SUPPORT OF ALUMNI The New Voices Alumni Network includes 187 fellows from over 40 countries, a dynamic community of leaders driving change in health, development, climate, gender equity, and more. The network&hellip;<\/p>","protected":false},"author":13,"featured_media":207,"parent":53,"menu_order":0,"comment_status":"closed","ping_status":"closed","template":"","meta":{"_acf_changed":false,"footnotes":""},"class_list":["post-58","page","type-page","status-publish","has-post-thumbnail","hentry"],"acf":[],"_links":{"self":[{"href":"https:\/\/www.aspenglobalinnovators.org\/fr\/wp-json\/wp\/v2\/pages\/58","targetHints":{"allow":["GET"]}}],"collection":[{"href":"https:\/\/www.aspenglobalinnovators.org\/fr\/wp-json\/wp\/v2\/pages"}],"about":[{"href":"https:\/\/www.aspenglobalinnovators.org\/fr\/wp-json\/wp\/v2\/types\/page"}],"author":[{"embeddable":true,"href":"https:\/\/www.aspenglobalinnovators.org\/fr\/wp-json\/wp\/v2\/users\/13"}],"replies":[{"embeddable":true,"href":"https:\/\/www.aspenglobalinnovators.org\/fr\/wp-json\/wp\/v2\/comments?post=58"}],"version-history":[{"count":12,"href":"https:\/\/www.aspenglobalinnovators.org\/fr\/wp-json\/wp\/v2\/pages\/58\/revisions"}],"predecessor-version":[{"id":3112,"href":"https:\/\/www.aspenglobalinnovators.org\/fr\/wp-json\/wp\/v2\/pages\/58\/revisions\/3112"}],"up":[{"embeddable":true,"href":"https:\/\/www.aspenglobalinnovators.org\/fr\/wp-json\/wp\/v2\/pages\/53"}],"wp:featuredmedia":[{"embeddable":true,"href":"https:\/\/www.aspenglobalinnovators.org\/fr\/wp-json\/wp\/v2\/media\/207"}],"wp:attachment":[{"href":"https:\/\/www.aspenglobalinnovators.org\/fr\/wp-json\/wp\/v2\/media?parent=58"}],"curies":[{"name":"wp","href":"https:\/\/api.w.org\/{rel}","templated":true}]}}