{"id":60,"date":"2023-02-06T17:54:30","date_gmt":"2023-02-07T01:54:30","guid":{"rendered":"https:\/\/www.aspenglobalinnovators.org\/?page_id=60"},"modified":"2026-04-08T15:36:24","modified_gmt":"2026-04-08T22:36:24","slug":"healthy-communities-fellowship","status":"publish","type":"page","link":"https:\/\/www.aspenglobalinnovators.org\/fr\/programs\/healthy-communities-fellowship\/","title":{"rendered":"Bourse Communaut\u00e9s en sant\u00e9"},"content":{"rendered":"<h3  data-animation-delay=\"0\" data-animation-duration=\"1\">\n\t\t\t\t<\/h3>\n<h2>\n\t\t\tAPER\u00c7U DE LA BOURSE\t<\/h2>\n\t<p>La bourse Communaut\u00e9s en sant\u00e9 pr\u00e9pare les boursiers \u00e0 diriger \u00e0 partir d'une exp\u00e9rience v\u00e9cue et apprise en cultivant des communaut\u00e9s en sant\u00e9. Nous savons que les personnes les plus proches des d\u00e9fis sont les mieux plac\u00e9es pour concevoir et mettre en \u0153uvre les solutions les plus efficaces. Nous savons que les personnes les plus proches des d\u00e9fis sont les mieux plac\u00e9es pour concevoir et mettre en \u0153uvre les solutions les plus efficaces. La bourse Communaut\u00e9s en sant\u00e9 offre une formation individualis\u00e9e et adapt\u00e9e en mati\u00e8re de communication, de narration et de leadership aux dirigeants locaux qui construisent des communaut\u00e9s en sant\u00e9.<\/p>\n<p>Au cours de la bourse, les boursiers apprennent \u00e0 r\u00e9diger des articles d'opinion, \u00e0 concevoir des plans de plaidoyer, \u00e0 mener des entretiens et \u00e0 \u00e9tablir une pr\u00e9sence dans les m\u00e9dias num\u00e9riques qui mette en valeur leur expertise et leur leadership. En s'appuyant sur la vaste exp\u00e9rience de l'Aspen Global Innovators Group et sur son r\u00e9seau influent de plus de 7 800 personnes, les leaders locaux acc\u00e9l\u00e8rent et am\u00e9liorent la sant\u00e9 et le bien-\u00eatre de leurs communaut\u00e9s.<\/p>\n<h2>\n\t\t\tQU'EST-CE QU'UN BOURSIER DES COMMUNAUT\u00c9S EN BONNE SANT\u00c9 ?\t<\/h2>\n\t<ul>\n<li>Les \"Healthy Communities Fellows\" sont des personnes qui font bouger les choses dans leur communaut\u00e9.<\/li>\n<li>Les boursiers apportent une connexion et un engagement profonds \u00e0 leur travail. <strong>Ce n'est pas seulement un travail, c'est une passion.<\/strong><\/li>\n<li>Les boursiers qui r\u00e9ussissent le mieux abordent l'ann\u00e9e comme un investissement en eux-m\u00eames. Cela signifie qu'ils prennent le temps de s'engager activement dans la formation et le mentorat, de r\u00e9fl\u00e9chir et d'\u00e9crire, de soutenir leur cohorte et d'\u00eatre soutenus par elle.<\/li>\n<li>Il s'agit d'une bourse bas\u00e9e aux \u00c9tats-Unis qui b\u00e9n\u00e9ficie de connexions privil\u00e9gi\u00e9es avec des leaders mondiaux.<\/li>\n<\/ul>\n<h2>\n\t\t\tQUE SE PASSE-T-IL AU SEIN DE LA FRATERNIT\u00c9 ?\t<\/h2>\n<figure itemscope itemtype=\"https:\/\/schema.org\/ImageObject\">\n\t\t\t\t<img decoding=\"async\" data-src=\"https:\/\/www.aspenglobalinnovators.org\/wp-content\/uploads\/2025\/03\/Untitled-8.5-x-11-in-Presentation.png\" alt=\"Untitled (8.5 x 11 in) (Presentation)\" height=\"800\" width=\"1920\" title=\"Sans titre (8.5 x 11 in) (Pr\u00e9sentation)\" onerror=\"this.style.display='none'\" src=\"data:image\/svg+xml;base64,PHN2ZyB3aWR0aD0iMSIgaGVpZ2h0PSIxIiB4bWxucz0iaHR0cDovL3d3dy53My5vcmcvMjAwMC9zdmciPjwvc3ZnPg==\" class=\"lazyload\" style=\"--smush-placeholder-width: 1920px; --smush-placeholder-aspect-ratio: 1920\/800;\" \/>\n\t<\/figure>\n\t\t\t<a href=\"https:\/\/www.youtube.com\/watch?v=BLyI7ZUudHs\" target=\"_blank\" rel=\"noopener\">\n\t\t\t\t\t\t\tEN SAVOIR PLUS SUR LA BOURSE\n\t\t\t\t\t<\/a>\n<h2>\n\t\t\tIMPACT DE LA BOURSE\t<\/h2>\n\t<p>Au cours des cinq derni\u00e8res ann\u00e9es, nos boursiers ont particip\u00e9 \u00e0 plus de 650 heures de formation et de mentorat, publi\u00e9 plus de 30 articles percutants et collect\u00e9 $6 millions d'euros pour soutenir leurs initiatives innovantes en mati\u00e8re de sant\u00e9.<\/p>\n<p>Le rapport d'impact de la HCF met en lumi\u00e8re les r\u00e9alisations remarquables de nos boursiers, telles que le travail des anciens boursiers pour am\u00e9liorer la sant\u00e9 maternelle, la s\u00e9curit\u00e9 alimentaire et le bien-\u00eatre des communaut\u00e9s. Il met \u00e9galement en \u00e9vidence le d\u00e9vouement de notre cohorte 2023, qui continue \u00e0 apporter des changements significatifs dans leurs communaut\u00e9s.<\/p>\n<p>Pour l'avenir, nous restons d\u00e9termin\u00e9s \u00e0 \u00e9tendre notre port\u00e9e et \u00e0 favoriser la durabilit\u00e9 dans les communaut\u00e9s nouvelles et existantes. Les efforts collectifs de nos boursiers, de nos partenaires et de nos sympathisants ouvrent la voie \u00e0 un avenir plus sain et plus \u00e9quitable.<\/p>\n<figure itemscope itemtype=\"https:\/\/schema.org\/ImageObject\">\n\t\t\t\t<img decoding=\"async\" data-src=\"https:\/\/www.aspenglobalinnovators.org\/wp-content\/uploads\/2024\/02\/Screenshot-2024-02-21-at-2.27.31-PM-1024x706.png\" alt=\"Map of HCF fellows\" height=\"706\" width=\"1024\" title=\"Carte des boursiers de la HCF\" onerror=\"this.style.display='none'\" src=\"data:image\/svg+xml;base64,PHN2ZyB3aWR0aD0iMSIgaGVpZ2h0PSIxIiB4bWxucz0iaHR0cDovL3d3dy53My5vcmcvMjAwMC9zdmciPjwvc3ZnPg==\" class=\"lazyload\" style=\"--smush-placeholder-width: 1024px; --smush-placeholder-aspect-ratio: 1024\/706;\" \/>\n\t<\/figure>\n\t<p><em>D\u00e9couvrez tout l'impact de notre parcours et notre vision pour les cinq prochaines ann\u00e9es dans le rapport d'impact quinquennal de la bourse Communaut\u00e9s en sant\u00e9.<\/em><\/p>\n\t\t\t<a href=\"https:\/\/www.aspenglobalinnovators.org\/wp-content\/uploads\/2024\/05\/HCF-report-for-web-v2-2.pdf\" target=\"_blank\" rel=\"noopener\">\n\t\t\t\t\t\t\tLIRE LE RAPPORT D'IMPACT QUINQUENNAL\n\t\t\t\t\t<\/a>\n<figure itemscope itemtype=\"https:\/\/schema.org\/ImageObject\">\n\t\t\t\t<img decoding=\"async\" data-src=\"https:\/\/www.aspenglobalinnovators.org\/wp-content\/uploads\/2024\/09\/2024-HCF-Announcement-Website-2000-x-600-px-3.png\" alt=\"2024 HCF Announcement Website (2000 x 600 px) (3)\" height=\"600\" width=\"2000\" title=\"2024 Site web d&#039;annonce de la HCF (2000 x 600 px) (3)\" onerror=\"this.style.display='none'\" src=\"data:image\/svg+xml;base64,PHN2ZyB3aWR0aD0iMSIgaGVpZ2h0PSIxIiB4bWxucz0iaHR0cDovL3d3dy53My5vcmcvMjAwMC9zdmciPjwvc3ZnPg==\" class=\"lazyload\" style=\"--smush-placeholder-width: 2000px; --smush-placeholder-aspect-ratio: 2000\/600;\" \/>\n\t<\/figure>\n<h2>\n\t\t\tLA BOURSE EN ACTION : T\u00c9MOIGNAGES DE BOURSIERS ET DE PARTENAIRES \t<\/h2>\n\t<iframe allowfullscreen allow=\"autoplay\" data-src=\"https:\/\/www.youtube.com\/embed\/fLR7Z0-VS2E?feature=oembed&amp;start&amp;end&amp;wmode=opaque&amp;loop=0&amp;controls=1&amp;mute=0&amp;rel=0&amp;modestbranding=0\" title=\"Jennie Joseph, boursi\u00e8re 2019 de Healthy Communities, monte sur la sc\u00e8ne d&#039;Aspen Ideas : Health pour plaider en faveur d&#039;interventions simples et accessibles pour lutter contre la mortalit\u00e9 maternelle.\"><\/iframe>\t\t\n\t\t\t\t\tLire la vid\u00e9o\n\t\t\tJennie Joseph, laur\u00e9ate 2019 de la bourse Communaut\u00e9s en sant\u00e9, monte sur la sc\u00e8ne d'Aspen Ideas : Health pour plaider en faveur d'interventions simples et accessibles pour lutter contre la mortalit\u00e9 maternelle.\n\t<iframe allowfullscreen allow=\"autoplay\" data-src=\"https:\/\/www.youtube.com\/embed\/ARzNOUYQPTk?feature=oembed&amp;start=1780&amp;end&amp;wmode=opaque&amp;loop=0&amp;controls=1&amp;mute=0&amp;rel=0&amp;modestbranding=0\" title=\"Le Dr Christopher McNeil, 2023 Healthy Communities Fellow, partage sa grande id\u00e9e - cr\u00e9er des voies d&#039;acc\u00e8s \u00e0 l&#039;\u00e9ducation m\u00e9dicale pour les enfants sous-repr\u00e9sent\u00e9s - lors de la c\u00e9r\u00e9monie d&#039;ouverture de l&#039;Aspen Ideas : Health \u00e0 la c\u00e9r\u00e9monie d&#039;ouverture de l&#039;Aspen Ideas : Health.\"><\/iframe>\t\t\n\t\t\t\t\tLire la vid\u00e9o\n\t\t\tLe Dr Christopher McNeil, 2023 Healthy Communities Fellow, partage sa grande id\u00e9e - cr\u00e9er des voies d'acc\u00e8s \u00e0 l'\u00e9ducation m\u00e9dicale pour les enfants sous-repr\u00e9sent\u00e9s - lors de la c\u00e9r\u00e9monie d'ouverture de l'Aspen Ideas : Health lors de la c\u00e9r\u00e9monie d'ouverture de l'Aspen Ideas : Health.\n\t<iframe allowfullscreen allow=\"autoplay\" data-src=\"https:\/\/www.youtube.com\/embed\/vKdL2I7tz00?feature=oembed&amp;start=1196&amp;end=1578&amp;wmode=opaque&amp;loop=0&amp;controls=1&amp;mute=0&amp;rel=0&amp;modestbranding=0\" title=\"Veron Blue, 2023 Healthy Communities Fellow, plaide pour la d\u00e9stigmatisation des soins de sant\u00e9 mentale au sein de la communaut\u00e9 religieuse en construisant un pipeline diversifi\u00e9 et repr\u00e9sentatif de travailleurs de la sant\u00e9 afin de faire progresser l&#039;\u00e9quit\u00e9 en mati\u00e8re de sant\u00e9 lors de la conf\u00e9rence Aspen Ideas : Health.\"><\/iframe>\t\t\n\t\t\t\t\tLire la vid\u00e9o\n\t\t\tVeron Blue, 2023 Healthy Communities Fellow, plaide pour la d\u00e9stigmatisation des soins de sant\u00e9 mentale au sein de la communaut\u00e9 religieuse en construisant une fili\u00e8re diversifi\u00e9e et repr\u00e9sentative de travailleurs de la sant\u00e9 afin de faire progresser l'\u00e9quit\u00e9 en mati\u00e8re de sant\u00e9 lors de la conf\u00e9rence Aspen Ideas : Health.\n\t<iframe allowfullscreen allow=\"autoplay\" data-src=\"https:\/\/www.youtube.com\/embed\/s-8rqQa64tQ?feature=oembed&amp;start&amp;end&amp;wmode=opaque&amp;loop=0&amp;controls=1&amp;mute=0&amp;rel=0&amp;modestbranding=0\" title=\"Les partenaires et les boursiers de la Healthy Communities Fellowship partagent l&#039;impact de la bourse, en mettant en lumi\u00e8re les r\u00e9ussites et les solutions mises en \u0153uvre par les communaut\u00e9s.\"><\/iframe>\t\t\n\t\t\t\t\tLire la vid\u00e9o\n\t\t\tLes partenaires et les boursiers de la Healthy Communities Fellowship partagent l'impact de la bourse, en mettant en lumi\u00e8re les r\u00e9ussites et les solutions mises en \u0153uvre par les communaut\u00e9s.\n<h2>\n\t\t\t\u00c0 QUOI S'ATTENDRE ?\t<\/h2>\n\t\t\t\t\t\t\t\t\t\t\t\t\t\t\t\t\t\t\t<p>10 d\u00e9cembre 2025<\/p>\n\t\t\t\t\t\t\t\t\t\t\t\t\t\t\t\t\t\t\t\t\t\t\t<h3>Ouverture des nominations<\/h3> \t\t\t\t\t\t\t\t\t\t\t\n\t\t\t\t\t\t\t\t10 d\u00e9cembre 2025\n\t\t\t\t\t\t\t\t\t\t\t\t\t\t\t\t\t\t\t<p>25 janvier 2026<\/p>\n\t\t\t\t\t\t\t\t\t\t\t\t\t\t\t\t\t\t\t\t\t\t\t<h3>Fin des nominations<\/h3> \t\t\t\t\t\t\t\t\t\t\t\n\t\t\t\t\t\t\t\t25 janvier 2026\n\t\t\t\t\t\t\t\t\t\t\t\t\t\t\t\t\t\t\t<p>Mi-f\u00e9vrier<\/p>\n\t\t\t\t\t\t\t\t\t\t\t\t\t\t\t\t\t\t\t\t\t\t\t<h3>Les candidats sont inform\u00e9s de leur statut <\/h3> \t\t\t\t\t\t\t\t\t\t\t\n\t\t\t\t\t\t\t\tMi-f\u00e9vrier\n\t\t\t\t\t\t\t\t\t\t\t\t\t\t\t\t\t\t\t<p>Fin f\u00e9vrier<\/p>\n\t\t\t\t\t\t\t\t\t\t\t\t\t\t\t\t\t\t\t\t\t\t\t<h3>La fraternit\u00e9 commence<\/h3> \t\t\t\t\t\t\t\t\t\t\t\n\t\t\t\t\t\t\t\tFin f\u00e9vrier\n\t<p><em>Pour la bourse 2026, la priorit\u00e9 sera donn\u00e9e aux leaders multisectoriels de la sant\u00e9, aux organisateurs communautaires, aux entrepreneurs et aux innovateurs des 22 comt\u00e9s de la vall\u00e9e du Rio Grande, de Laredo, au Texas, et de Louisville, au Kentucky, qui s'attaquent aux d\u00e9fis sociaux et \u00e9conomiques au sein de leurs communaut\u00e9s et dans l'ensemble de celles-ci.<\/em><\/p>\n<p><em>* Voir la liste compl\u00e8te ci-dessous.<\/em><\/p>\n<h2>\n\t\t\tFAQ\t<\/h2>\n\t\t\t\t\t\t\t\t\t\t<h4 tabindex=\"0\">Visionner la session d'information<\/h4>\n\t\t\t\t\t<p>Vous souhaitez en savoir plus ? <strong><a href=\"https:\/\/www.youtube.com\/watch?v=BLyI7ZUudHs\" target=\"_blank\" rel=\"noopener\">Regarder maintenant.<\/a><\/strong><\/p>\n\t\t\t\t\t\t\t\t\t\t<h4 tabindex=\"0\">Puis-je proposer ma propre candidature ?<\/h4>\n\t\t\t\t\t<p>Oui, vous pouvez vous proposer vous-m\u00eame.<\/p>\n\t\t\t\t\t\t\t\t\t\t<h4 tabindex=\"0\">Comment puis-je poser ma candidature pour devenir boursier des Communaut\u00e9s de sant\u00e9 ?<\/h4>\n\t\t\t\t\t<p>Candidatures \u00e0 la bourse le 10 d\u00e9cembre 2025, pour la cohorte 2026.<\/p>\n\t\t\t\t\t\t\t\t\t\t<h4 tabindex=\"0\">Quelles sont les zones g\u00e9ographiques qui seront examin\u00e9es en priorit\u00e9 pour la bourse 2026 ?<\/h4>\n\t\t\t\t\t<p>Pour la bourse 2026, la priorit\u00e9 sera donn\u00e9e aux leaders multisectoriels de la sant\u00e9, aux organisateurs communautaires, aux entrepreneurs et aux innovateurs des 22 comt\u00e9s de la vall\u00e9e du Rio Grande, de Laredo, au Texas, et de Louisville, au Kentucky, qui s'attaquent aux d\u00e9fis sociaux et \u00e9conomiques au sein de leurs communaut\u00e9s et dans l'ensemble de celles-ci.<\/p>\n<p>*Comt\u00e9 de Brooks, comt\u00e9 de Cameron, comt\u00e9 de Hidalgo, comt\u00e9 de Kenedy, comt\u00e9 de Starr, comt\u00e9 de Willacy, comt\u00e9 de Webb, comt\u00e9 de Zapata, comt\u00e9 de Jim Hogg, comt\u00e9 de Val Verde, comt\u00e9 d'Edwards, comt\u00e9 d'Uvalde, comt\u00e9 de Maverick, comt\u00e9 de Kinney, comt\u00e9 de Zavala, comt\u00e9 de Dimmit, comt\u00e9 de La Salle.<\/p>\n\t\t\t\t\t\t\t\t\t\t<h4 tabindex=\"0\">Combien de temps vais-je consacrer \u00e0 la bourse ?<\/h4>\n\t\t\t\t\t<p>L'ann\u00e9e de la bourse s'articule autour de quatre grandes r\u00e9unions de groupe, chacune d'entre elles durant environ 3 \u00e0 4 jours. Votre pr\u00e9sence \u00e0 ces sessions en personne est obligatoire. Outre ces semaines de formation, la plupart des boursiers estiment consacrer environ 5 \u00e0 10 heures par mois \u00e0 des activit\u00e9s li\u00e9es \u00e0 la bourse, \u00e0 des interviews et \u00e0 la r\u00e9daction d'articles d'opinion.<\/p>\n\t\t\t\t\t\t\t\t\t\t<h4 tabindex=\"0\">Je suis journaliste\/professionnel des relations publiques\/expert en communication. Puis-je participer \u00e0 cette bourse ?<\/h4>\n\t\t\t\t\t<p>Nous aimons les communicateurs, mais cette bourse s'adresse en fait aux responsables des communaut\u00e9s locales.<\/p>\n\t\t\t\t\t\t\t\t\t\t<h4 tabindex=\"0\">Y a-t-il une limite d'\u00e2ge ?<\/h4>\n\t\t\t\t\t<p>Non, nous recherchons des personnes de tous \u00e2ges !<\/p>\n\t\t\t\t\t\t\t\t\t\t<h4 tabindex=\"0\">Que recherchez-vous chez un coll\u00e8gue ?<\/h4>\n\t\t\t\t\t<p>Nous recherchons une personne qui a eu un impact positif significatif sur une communaut\u00e9 locale en abordant les questions de sant\u00e9 d'une mani\u00e8re innovante, en utilisant une optique explicite d'\u00e9quit\u00e9, ou en d\u00e9montrant de solides efforts de plaidoyer autour d'une ou plusieurs questions auxquelles sont confront\u00e9s les travailleurs de la sant\u00e9 de premi\u00e8re ligne.<\/p>\n\t\t\t\t\t\t\t\t\t\t<h4 tabindex=\"0\">Quelles sont les dates d'ouverture et de cl\u00f4ture des candidatures pour 2026 ?<\/h4>\n\t\t\t\t\t<p>Les nominations ne sont pas encore ouvertes. Pour la classe 2026, les nominations sont ouvertes du 10 d\u00e9cembre 2025 au 25 janvier 2026.\u00a0<\/p>\n\t\t\t\t\t\t\t\t\t\t<h4 tabindex=\"0\">Serai-je r\u00e9mun\u00e9r\u00e9 pour la bourse Communaut\u00e9s en sant\u00e9 ?<\/h4>\n\t\t\t\t\t<p>Non, mais nous prendrons en charge tous les frais li\u00e9s \u00e0 la bourse.<\/p>\n\t\t\t\t\t\t\t\t\t\t<h4 tabindex=\"0\">Apr\u00e8s avoir particip\u00e9 au programme Healthy Communities Fellowship, comment rester en contact avec l'Aspen Institute ?<\/h4>\n\t\t\t\t\t<p>Les boursiers feront partie d'une communaut\u00e9 qui durera toute leur vie et auront acc\u00e8s \u00e0 un vaste r\u00e9seau de soutien. Les boursiers auront la possibilit\u00e9 de continuer \u00e0 s'engager activement aupr\u00e8s de l'Aspen Global Innovators Group en tant qu'anciens du programme et pourront b\u00e9n\u00e9ficier de nombreuses opportunit\u00e9s, notamment le soutien \u00e0 la r\u00e9daction d'articles d'opinion, les nominations aux prix, la participation aux \u00e9v\u00e9nements Aspen, les allocations de voyage, et bien plus encore.<\/p>\n<h2>\n\t\t\tMEET OUR 2026 FELLOWS\t<\/h2>\n\t\t\t\t\t\t\t\t\t\t\t\t\t\t\t\t\t<a href=\"https:\/\/www.aspenglobalinnovators.org\/fr\/our_fellows\/attica-scott\/\" target=\"_blank\" rel=\"nofollow noopener\" data-caption=\"Attica Scott\" aria-label=\"Attica Scott\">\n\t\t\t\t\t\t<figure>\n\t\t\t\t\t\t\t<img decoding=\"async\" data-src=\"https:\/\/www.aspenglobalinnovators.org\/wp-content\/uploads\/2026\/04\/Attica-Scott_headshot-150x150.jpg\" alt=\"\" width=\"150\" height=\"150\" src=\"data:image\/svg+xml;base64,PHN2ZyB3aWR0aD0iMSIgaGVpZ2h0PSIxIiB4bWxucz0iaHR0cDovL3d3dy53My5vcmcvMjAwMC9zdmciPjwvc3ZnPg==\" class=\"lazyload\" style=\"--smush-placeholder-width: 150px; --smush-placeholder-aspect-ratio: 150\/150;\" \/>\n\t\t\t\t\t\t\t\t\t\t\t\t\t\t\t<!-- Overlay Wrapper -->\n\t\t\t\t\t\t\t\t\t\t\tAttica Scott\n\t\t\t\t\t\t\t\t\t\t\t\t\t\t\t\t\t <!-- Overlay Wrapper Closed -->\n\t\t\t\t\t\t\t\t\t\t\t\t\t<\/figure>\n\t\t\t\t\t\t\t\t\t\t<\/a>\n\t\t\t\t\t\t\t\t\t\t\t\t\t\t\t\t\t<a href=\"https:\/\/www.aspenglobalinnovators.org\/fr\/our_fellows\/ray-sanchez\/\" target=\"_blank\" rel=\"nofollow noopener\" data-caption=\"Ray Sanchez\" aria-label=\"Ray Sanchez\">\n\t\t\t\t\t\t<figure>\n\t\t\t\t\t\t\t<img decoding=\"async\" data-src=\"https:\/\/www.aspenglobalinnovators.org\/wp-content\/uploads\/2026\/04\/Ray-Sanchez_headshot-150x150.jpg\" alt=\"\" width=\"150\" height=\"150\" src=\"data:image\/svg+xml;base64,PHN2ZyB3aWR0aD0iMSIgaGVpZ2h0PSIxIiB4bWxucz0iaHR0cDovL3d3dy53My5vcmcvMjAwMC9zdmciPjwvc3ZnPg==\" class=\"lazyload\" style=\"--smush-placeholder-width: 150px; --smush-placeholder-aspect-ratio: 150\/150;\" \/>\n\t\t\t\t\t\t\t\t\t\t\t\t\t\t\t<!-- Overlay Wrapper -->\n\t\t\t\t\t\t\t\t\t\t\tRay Sanchez\n\t\t\t\t\t\t\t\t\t\t\t\t\t\t\t\t\t <!-- Overlay Wrapper Closed -->\n\t\t\t\t\t\t\t\t\t\t\t\t\t<\/figure>\n\t\t\t\t\t\t\t\t\t\t<\/a>\n\t\t\t\t\t\t\t\t\t\t\t\t\t\t\t\t\t<a href=\"https:\/\/www.aspenglobalinnovators.org\/fr\/our_fellows\/marcella-juarez\/\" target=\"_blank\" rel=\"nofollow noopener\" data-caption=\"Marcella Juarez\" aria-label=\"Marcella Juarez\">\n\t\t\t\t\t\t<figure>\n\t\t\t\t\t\t\t<img decoding=\"async\" data-src=\"https:\/\/www.aspenglobalinnovators.org\/wp-content\/uploads\/2026\/04\/Marcella-Juarez_headshot-150x150.jpg\" alt=\"\" width=\"150\" height=\"150\" src=\"data:image\/svg+xml;base64,PHN2ZyB3aWR0aD0iMSIgaGVpZ2h0PSIxIiB4bWxucz0iaHR0cDovL3d3dy53My5vcmcvMjAwMC9zdmciPjwvc3ZnPg==\" class=\"lazyload\" style=\"--smush-placeholder-width: 150px; --smush-placeholder-aspect-ratio: 150\/150;\" \/>\n\t\t\t\t\t\t\t\t\t\t\t\t\t\t\t<!-- Overlay Wrapper -->\n\t\t\t\t\t\t\t\t\t\t\tMarcella Juarez\n\t\t\t\t\t\t\t\t\t\t\t\t\t\t\t\t\t <!-- Overlay Wrapper Closed -->\n\t\t\t\t\t\t\t\t\t\t\t\t\t<\/figure>\n\t\t\t\t\t\t\t\t\t\t<\/a>\n\t\t\t\t\t\t\t\t\t\t\t\t\t\t\t\t\t<a href=\"https:\/\/www.aspenglobalinnovators.org\/fr\/our_fellows\/cassia-herron\/\" target=\"_blank\" rel=\"nofollow noopener\" data-caption=\"Cassia Herron\" aria-label=\"Cassia Herron\">\n\t\t\t\t\t\t<figure>\n\t\t\t\t\t\t\t<img decoding=\"async\" data-src=\"https:\/\/www.aspenglobalinnovators.org\/wp-content\/uploads\/2026\/04\/Cassia-Herron_headshot-150x150.jpg\" alt=\"\" width=\"150\" height=\"150\" src=\"data:image\/svg+xml;base64,PHN2ZyB3aWR0aD0iMSIgaGVpZ2h0PSIxIiB4bWxucz0iaHR0cDovL3d3dy53My5vcmcvMjAwMC9zdmciPjwvc3ZnPg==\" class=\"lazyload\" style=\"--smush-placeholder-width: 150px; --smush-placeholder-aspect-ratio: 150\/150;\" \/>\n\t\t\t\t\t\t\t\t\t\t\t\t\t\t\t<!-- Overlay Wrapper -->\n\t\t\t\t\t\t\t\t\t\t\tCassia Herron\n\t\t\t\t\t\t\t\t\t\t\t\t\t\t\t\t\t <!-- Overlay Wrapper Closed -->\n\t\t\t\t\t\t\t\t\t\t\t\t\t<\/figure>\n\t\t\t\t\t\t\t\t\t\t<\/a>\n\t\t\t\t\t\t\t\t\t\t\t\t\t\t\t\t\t<a href=\"https:\/\/www.aspenglobalinnovators.org\/fr\/our_fellows\/christopher-2x\/\" target=\"_blank\" rel=\"nofollow noopener\" data-caption=\"Christopher 2X\" aria-label=\"Christopher 2X\">\n\t\t\t\t\t\t<figure>\n\t\t\t\t\t\t\t<img decoding=\"async\" data-src=\"https:\/\/www.aspenglobalinnovators.org\/wp-content\/uploads\/2026\/04\/Christopher-2X_headshot-150x150.jpg\" alt=\"\" width=\"150\" height=\"150\" src=\"data:image\/svg+xml;base64,PHN2ZyB3aWR0aD0iMSIgaGVpZ2h0PSIxIiB4bWxucz0iaHR0cDovL3d3dy53My5vcmcvMjAwMC9zdmciPjwvc3ZnPg==\" class=\"lazyload\" style=\"--smush-placeholder-width: 150px; --smush-placeholder-aspect-ratio: 150\/150;\" \/>\n\t\t\t\t\t\t\t\t\t\t\t\t\t\t\t<!-- Overlay Wrapper -->\n\t\t\t\t\t\t\t\t\t\t\tChristopher 2X\n\t\t\t\t\t\t\t\t\t\t\t\t\t\t\t\t\t <!-- Overlay Wrapper Closed -->\n\t\t\t\t\t\t\t\t\t\t\t\t\t<\/figure>\n\t\t\t\t\t\t\t\t\t\t<\/a>\n\t\t\t\t\t\t\t\t\t\t\t\t\t\t\t\t\t<a href=\"https:\/\/www.aspenglobalinnovators.org\/fr\/our_fellows\/moises-arjona-jr\/\" target=\"_blank\" rel=\"nofollow noopener\" data-caption=\"Moises Arjona Jr.\" aria-label=\"Moises Arjona Jr.\">\n\t\t\t\t\t\t<figure>\n\t\t\t\t\t\t\t<img decoding=\"async\" data-src=\"https:\/\/www.aspenglobalinnovators.org\/wp-content\/uploads\/2026\/04\/Moises-Arjona-Jr-150x150.jpg\" alt=\"\" width=\"150\" height=\"150\" src=\"data:image\/svg+xml;base64,PHN2ZyB3aWR0aD0iMSIgaGVpZ2h0PSIxIiB4bWxucz0iaHR0cDovL3d3dy53My5vcmcvMjAwMC9zdmciPjwvc3ZnPg==\" class=\"lazyload\" style=\"--smush-placeholder-width: 150px; --smush-placeholder-aspect-ratio: 150\/150;\" \/>\n\t\t\t\t\t\t\t\t\t\t\t\t\t\t\t<!-- Overlay Wrapper -->\n\t\t\t\t\t\t\t\t\t\t\tMoises Arjona Jr.\n\t\t\t\t\t\t\t\t\t\t\t\t\t\t\t\t\t <!-- Overlay Wrapper Closed -->\n\t\t\t\t\t\t\t\t\t\t\t\t\t<\/figure>\n\t\t\t\t\t\t\t\t\t\t<\/a>\n\t\t\t\t\t\t\t\t\t\t\t\t\t\t\t\t\t<a href=\"https:\/\/www.aspenglobalinnovators.org\/fr\/our_fellows\/sandra-de-la-cruz-yarrison\/\" target=\"_blank\" rel=\"nofollow noopener\" data-caption=\"Sandra de la Cruz- Yarrison\" aria-label=\"Sandra de la Cruz- Yarrison\">\n\t\t\t\t\t\t<figure>\n\t\t\t\t\t\t\t<img decoding=\"async\" data-src=\"https:\/\/www.aspenglobalinnovators.org\/wp-content\/uploads\/2026\/04\/Sandra-de-la-Cruz-Yarrison_headshot-150x150.jpg\" alt=\"\" width=\"150\" height=\"150\" src=\"data:image\/svg+xml;base64,PHN2ZyB3aWR0aD0iMSIgaGVpZ2h0PSIxIiB4bWxucz0iaHR0cDovL3d3dy53My5vcmcvMjAwMC9zdmciPjwvc3ZnPg==\" class=\"lazyload\" style=\"--smush-placeholder-width: 150px; --smush-placeholder-aspect-ratio: 150\/150;\" \/>\n\t\t\t\t\t\t\t\t\t\t\t\t\t\t\t<!-- Overlay Wrapper -->\n\t\t\t\t\t\t\t\t\t\t\tSandra de la Cruz- Yarrison\n\t\t\t\t\t\t\t\t\t\t\t\t\t\t\t\t\t <!-- Overlay Wrapper Closed -->\n\t\t\t\t\t\t\t\t\t\t\t\t\t<\/figure>\n\t\t\t\t\t\t\t\t\t\t<\/a>\n\t\t\t\t\t\t\t\t\t\t\t\t\t\t\t\t\t<a href=\"https:\/\/www.aspenglobalinnovators.org\/fr\/our_fellows\/laurenmuir\/\" target=\"_blank\" rel=\"nofollow noopener\" data-caption=\"Lauren Muir\" aria-label=\"Lauren Muir\">\n\t\t\t\t\t\t<figure>\n\t\t\t\t\t\t\t<img decoding=\"async\" data-src=\"https:\/\/www.aspenglobalinnovators.org\/wp-content\/uploads\/2026\/04\/Lauren-Muir_headshot-150x150.jpg\" alt=\"\" width=\"150\" height=\"150\" src=\"data:image\/svg+xml;base64,PHN2ZyB3aWR0aD0iMSIgaGVpZ2h0PSIxIiB4bWxucz0iaHR0cDovL3d3dy53My5vcmcvMjAwMC9zdmciPjwvc3ZnPg==\" class=\"lazyload\" style=\"--smush-placeholder-width: 150px; --smush-placeholder-aspect-ratio: 150\/150;\" \/>\n\t\t\t\t\t\t\t\t\t\t\t\t\t\t\t<!-- Overlay Wrapper -->\n\t\t\t\t\t\t\t\t\t\t\tLauren Muir\n\t\t\t\t\t\t\t\t\t\t\t\t\t\t\t\t\t <!-- Overlay Wrapper Closed -->\n\t\t\t\t\t\t\t\t\t\t\t\t\t<\/figure>\n\t\t\t\t\t\t\t\t\t\t<\/a>\n\t\t\t\t\t<!-- navigation arrows -->\n\t\t<button aria-label=\"Diapositive pr\u00e9c\u00e9dente\" role=\"button\" tabindex=\"0\">\n\t\t\t\t\t<\/button>\n\t\t<button aria-label=\"Diapositive suivante\" role=\"button\" tabindex=\"0\">\n\t\t\t\t\t<\/button>\n\t<h3><em>Contactez-nous \u00e0 l'adresse suivante <a href=\"mailto:HealthyCommunities@aspeninstitute.org\">HealthyCommunities@aspeninstitute.org<\/a> si vous avez des questions.<\/em><\/h3>\n\t\t\t\t\t\t\t<a href=\"https:\/\/www.aspenglobalinnovators.org\/fr\/programs\/aspen-ideas-health\/\" target=\"_self\">\n\t\t\t\t\t<\/a>\n\t\t\t\t\t\t\t\t\t<a href=\"https:\/\/www.aspenglobalinnovators.org\/fr\/programs\/amp-health\/\" target=\"_self\">\n\t\t\t\t\t<\/a>\n\t\t\t\t\t\t\t\t\t<a href=\"https:\/\/www.aspenglobalinnovators.org\/fr\/programs\/communities-first-global-collaborative\/\" target=\"_self\">\n\t\t\t\t\t<\/a>\n\t\t\t\t\t\t\t\t\t<a href=\"https:\/\/www.aspenglobalinnovators.org\/fr\/programs\/new-voices-fellowship\/\" target=\"_self\">\n\t\t\t\t\t<\/a>","protected":false},"excerpt":{"rendered":"<p>APER\u00c7U DE LA BOURSE La bourse Communaut\u00e9s en sant\u00e9 pr\u00e9pare les boursiers \u00e0 diriger \u00e0 partir d'une exp\u00e9rience v\u00e9cue et apprise, tout en cultivant des communaut\u00e9s en sant\u00e9. La bourse Communaut\u00e9s en sant\u00e9 offre une formation individualis\u00e9e et sur mesure en mati\u00e8re de communication, de narration et de leadership...<\/p>","protected":false},"author":13,"featured_media":210,"parent":53,"menu_order":0,"comment_status":"closed","ping_status":"closed","template":"","meta":{"_acf_changed":false,"footnotes":""},"class_list":["post-60","page","type-page","status-publish","has-post-thumbnail","hentry"],"acf":[],"_links":{"self":[{"href":"https:\/\/www.aspenglobalinnovators.org\/fr\/wp-json\/wp\/v2\/pages\/60","targetHints":{"allow":["GET"]}}],"collection":[{"href":"https:\/\/www.aspenglobalinnovators.org\/fr\/wp-json\/wp\/v2\/pages"}],"about":[{"href":"https:\/\/www.aspenglobalinnovators.org\/fr\/wp-json\/wp\/v2\/types\/page"}],"author":[{"embeddable":true,"href":"https:\/\/www.aspenglobalinnovators.org\/fr\/wp-json\/wp\/v2\/users\/13"}],"replies":[{"embeddable":true,"href":"https:\/\/www.aspenglobalinnovators.org\/fr\/wp-json\/wp\/v2\/comments?post=60"}],"version-history":[{"count":13,"href":"https:\/\/www.aspenglobalinnovators.org\/fr\/wp-json\/wp\/v2\/pages\/60\/revisions"}],"predecessor-version":[{"id":3223,"href":"https:\/\/www.aspenglobalinnovators.org\/fr\/wp-json\/wp\/v2\/pages\/60\/revisions\/3223"}],"up":[{"embeddable":true,"href":"https:\/\/www.aspenglobalinnovators.org\/fr\/wp-json\/wp\/v2\/pages\/53"}],"wp:featuredmedia":[{"embeddable":true,"href":"https:\/\/www.aspenglobalinnovators.org\/fr\/wp-json\/wp\/v2\/media\/210"}],"wp:attachment":[{"href":"https:\/\/www.aspenglobalinnovators.org\/fr\/wp-json\/wp\/v2\/media?parent=60"}],"curies":[{"name":"wp","href":"https:\/\/api.w.org\/{rel}","templated":true}]}}